{"id":3306,"date":"2021-04-01T21:50:22","date_gmt":"2021-04-02T00:50:22","guid":{"rendered":"https:\/\/votorantim2020.blendon.com.br\/?page_id=3306"},"modified":"2021-04-08T09:24:54","modified_gmt":"2021-04-08T12:24:54","slug":"center-of-excellence-coe","status":"publish","type":"page","link":"https:\/\/votorantim2020.blendon.com.br\/en\/center-of-excellence-coe\/","title":{"rendered":"Center of Excellence (CoE)"},"content":{"rendered":"\n<p class=\"gri\"><span style=\"color:#0000be\" class=\"has-inline-color\"><strong>102-6 | 102-9 | 103-2 | 103-3<\/strong><\/span><\/p>\n\n\n\n<p class=\"box-azul-escuro\">Votorantim\u2019s Center of Excellence is made up of centers specialized in information technology, finance, accounting and taxes, human resources, real estate solutions, innovation and data use (analytics).<\/p>\n\n\n\n<p>Agility and a sound relationship of trust among its approximately 800 employees enabled the CoE to adapt to new ways of working and communicating in the face of the pandemic. As a result, the CoE not only maintained its ongoing operations but also achieved productivity gains that were passed on to the portfolio companies. <span style=\"color:#0000be\" class=\"has-inline-color\"><strong>102-6<\/strong><\/span><\/p>\n\n\n\n<div style=\"height:20px\" aria-hidden=\"true\" class=\"wp-block-spacer\"><\/div>\n\n\n\n<h4><strong><strong>People<\/strong><\/strong><\/h4>\n\n\n\n<p>The people management activities conducted during the pandemic were detailed in the case study \u201cGetting the job done: caring for and connecting with the team during the pandemic\u201d, which received the <em>Ser Humano<\/em> Award, promoted by the Brazilian Human Resources Association of Paran\u00e1 state (<em>Associa\u00e7\u00e3o Brasileira de Recursos Humanos do Paran\u00e1, <\/em>ABRH-PR).<\/p>\n\n\n\n<p>In 2020, the CoE also continued its diversity activities. Promoted mainly by a Diversity Committee, the discussions have increased knowledge of diversity issues and resulted in changes in attitude.<\/p>\n\n\n\n<p>As part of this effort, the CoE hired and promoted a total of five women to management positions (at the end of the year, 48% of all leaders were women), accelerated the hiring of People with Disabilities (PWD) and contributed to the redesign of the Internship Program selection process, carried out in partnership with a consulting firm specialized in diversity.<\/p>\n\n\n\n<div style=\"height:30px\" aria-hidden=\"true\" class=\"wp-block-spacer\"><\/div>\n\n\n\n<h4><strong>Innovation and Product Development<\/strong><\/h4>\n\n\n\n<p class=\"gri\"><span style=\"color:#0000be\" class=\"has-inline-color\"><strong>102-15<\/strong><\/span><\/p>\n\n\n\n<div class=\"wp-block-columns\">\n<div class=\"wp-block-column\">\n<p>Innovation is at the core of the CoE\u2019s purpose to develop original, effective and integrated solutions to the common challenges of companies. During the year, the CoE began offering these solutions to companies outside Votorantim\u2019s portfolio.<\/p>\n\n\n\n<p>Product development happens through BoXUp, an accelerator of innovative initiatives that since its creation has produced 21 approved ideas. Four of them stood out in 2020:<\/p>\n<\/div>\n\n\n\n<div class=\"wp-block-column\">\n<figure class=\"wp-block-image size-large\"><img loading=\"lazy\" width=\"392\" height=\"312\" src=\"https:\/\/votorantim2020.blendon.com.br\/wp-content\/uploads\/2021\/04\/box-up-stage-funnel.png\" alt=\"\" class=\"wp-image-5529\" srcset=\"https:\/\/votorantim2020.blendon.com.br\/wp-content\/uploads\/2021\/04\/box-up-stage-funnel.png 392w, https:\/\/votorantim2020.blendon.com.br\/wp-content\/uploads\/2021\/04\/box-up-stage-funnel-300x239.png 300w\" sizes=\"(max-width: 392px) 100vw, 392px\" \/><\/figure>\n<\/div>\n<\/div>\n\n\n\n<div style=\"height:25px\" aria-hidden=\"true\" class=\"wp-block-spacer\"><\/div>\n\n\n<style id=\"kb-accordion_c23f3d-c2\">.kt-accordion-id_c23f3d-c2 .kt-accordion-panel-inner {border-radius:0px 0px 0px 0px;background:#ffffff;padding-top:20px;padding-right:20px;padding-bottom:20px;padding-left:20px;border-width:0px 1px 1px 1px;}.kt-accordion-id_c23f3d-c2 .wp-block-kadence-pane .kt-accordion-header-wrap .kt-blocks-accordion-header {color:#dd1754;background:#ffffff;border-color:#eeeeee #eeeeee #eeeeee #eeeeee;font-size:18px;line-height:24px;border-radius:0px 0px 0px 0px;border-width:1px 1px 1px 2px;padding-top:14px;padding-right:16px;padding-bottom:14px;padding-left:16px;margin-top:10px;}.kt-accordion-id_c23f3d-c2 .kt-blocks-accordion-header .kt-btn-svg-icon svg {width:18px;height:18px;}.kt-accordion-id_c23f3d-c2:not( .kt-accodion-icon-style-basiccircle ):not( .kt-accodion-icon-style-xclosecircle ):not( .kt-accodion-icon-style-arrowcircle ) .kt-blocks-accordion-icon-trigger:after, .kt-accordion-id_c23f3d-c2:not( .kt-accodion-icon-style-basiccircle ):not( .kt-accodion-icon-style-xclosecircle ):not( .kt-accodion-icon-style-arrowcircle ) .kt-blocks-accordion-icon-trigger:before {background:#dd1754;}.kt-accordion-id_c23f3d-c2:not( .kt-accodion-icon-style-basic ):not( .kt-accodion-icon-style-xclose ):not( .kt-accodion-icon-style-arrow ) .kt-blocks-accordion-icon-trigger {background:#dd1754;}.kt-accordion-id_c23f3d-c2:not( .kt-accodion-icon-style-basic ):not( .kt-accodion-icon-style-xclose ):not( .kt-accodion-icon-style-arrow ) .kt-blocks-accordion-icon-trigger:after, .kt-accordion-id_c23f3d-c2:not( .kt-accodion-icon-style-basic ):not( .kt-accodion-icon-style-xclose ):not( .kt-accodion-icon-style-arrow ) .kt-blocks-accordion-icon-trigger:before {background:#ffffff;}.kt-accordion-id_c23f3d-c2 .kt-accordion-header-wrap .kt-blocks-accordion-header:hover, .kt-accordion-id_c23f3d-c2 .kt-accordion-header-wrap .kt-blocks-accordion-header:focus {color:#444444;background:#ffffff;border-color:#d4d4d4 #d4d4d4 #d4d4d4 #d4d4d4;}.kt-accordion-id_c23f3d-c2:not( .kt-accodion-icon-style-basiccircle ):not( .kt-accodion-icon-style-xclosecircle ):not( .kt-accodion-icon-style-arrowcircle ) .kt-blocks-accordion-header:hover .kt-blocks-accordion-icon-trigger:after, .kt-accordion-id_c23f3d-c2:not( .kt-accodion-icon-style-basiccircle ):not( .kt-accodion-icon-style-xclosecircle ):not( .kt-accodion-icon-style-arrowcircle ) .kt-blocks-accordion-header:hover .kt-blocks-accordion-icon-trigger:before, .kt-accordion-id_c23f3d-c2:not( .kt-accodion-icon-style-basiccircle ):not( .kt-accodion-icon-style-xclosecircle ):not( .kt-accodion-icon-style-arrowcircle ) .kt-blocks-accordion-header:focus .kt-blocks-accordion-icon-trigger:after, .kt-accordion-id_c23f3d-c2:not( .kt-accodion-icon-style-basiccircle ):not( .kt-accodion-icon-style-xclosecircle ):not( .kt-accodion-icon-style-arrowcircle ) .kt-blocks-accordion-header:focus .kt-blocks-accordion-icon-trigger:before {background:#444444;}.kt-accordion-id_c23f3d-c2:not( .kt-accodion-icon-style-basic ):not( .kt-accodion-icon-style-xclose ):not( .kt-accodion-icon-style-arrow ) .kt-blocks-accordion-header:hover .kt-blocks-accordion-icon-trigger, .kt-accordion-id_c23f3d-c2:not( .kt-accodion-icon-style-basic ):not( .kt-accodion-icon-style-xclose ):not( .kt-accodion-icon-style-arrow ) .kt-blocks-accordion-header:focus .kt-blocks-accordion-icon-trigger {background:#444444;}.kt-accordion-id_c23f3d-c2:not( .kt-accodion-icon-style-basic ):not( .kt-accodion-icon-style-xclose ):not( .kt-accodion-icon-style-arrow ) .kt-blocks-accordion-header:hover .kt-blocks-accordion-icon-trigger:after, .kt-accordion-id_c23f3d-c2:not( .kt-accodion-icon-style-basic ):not( .kt-accodion-icon-style-xclose ):not( .kt-accodion-icon-style-arrow ) .kt-blocks-accordion-header:hover .kt-blocks-accordion-icon-trigger:before, .kt-accordion-id_c23f3d-c2:not( .kt-accodion-icon-style-basic ):not( .kt-accodion-icon-style-xclose ):not( .kt-accodion-icon-style-arrow ) .kt-blocks-accordion-header:focus .kt-blocks-accordion-icon-trigger:after, .kt-accordion-id_c23f3d-c2:not( .kt-accodion-icon-style-basic ):not( .kt-accodion-icon-style-xclose ):not( .kt-accodion-icon-style-arrow ) .kt-blocks-accordion-header:focus .kt-blocks-accordion-icon-trigger:before {background:#ffffff;}.kt-accordion-id_c23f3d-c2 .kt-accordion-header-wrap .kt-blocks-accordion-header.kt-accordion-panel-active {color:#444444;background:#ffffff;border-color:#eeeeee #eeeeee #eeeeee #0e9cd1;}.kt-accordion-id_c23f3d-c2:not( .kt-accodion-icon-style-basiccircle ):not( .kt-accodion-icon-style-xclosecircle ):not( .kt-accodion-icon-style-arrowcircle ) .kt-blocks-accordion-header.kt-accordion-panel-active .kt-blocks-accordion-icon-trigger:after, .kt-accordion-id_c23f3d-c2:not( .kt-accodion-icon-style-basiccircle ):not( .kt-accodion-icon-style-xclosecircle ):not( .kt-accodion-icon-style-arrowcircle ) .kt-blocks-accordion-header.kt-accordion-panel-active .kt-blocks-accordion-icon-trigger:before {background:#444444;}.kt-accordion-id_c23f3d-c2:not( .kt-accodion-icon-style-basic ):not( .kt-accodion-icon-style-xclose ):not( .kt-accodion-icon-style-arrow ) .kt-blocks-accordion-header.kt-accordion-panel-active .kt-blocks-accordion-icon-trigger {background:#444444;}.kt-accordion-id_c23f3d-c2:not( .kt-accodion-icon-style-basic ):not( .kt-accodion-icon-style-xclose ):not( .kt-accodion-icon-style-arrow ) .kt-blocks-accordion-header.kt-accordion-panel-active .kt-blocks-accordion-icon-trigger:after, .kt-accordion-id_c23f3d-c2:not( .kt-accodion-icon-style-basic ):not( .kt-accodion-icon-style-xclose ):not( .kt-accodion-icon-style-arrow ) .kt-blocks-accordion-header.kt-accordion-panel-active .kt-blocks-accordion-icon-trigger:before {background:#ffffff;}<\/style>\n<div class=\"wp-block-kadence-accordion alignnone\"><div class=\"kt-accordion-wrap kt-accordion-wrap kt-accordion-id_c23f3d-c2 kt-accordion-has-4-panes kt-active-pane-0 kt-accordion-block kt-pane-header-alignment-left kt-accodion-icon-style-arrow kt-accodion-icon-side-right\" style=\"max-width:none\"><div class=\"kt-accordion-inner-wrap\" data-allow-multiple-open=\"false\" data-start-open=\"none\">\n<div class=\"wp-block-kadence-pane kt-accordion-pane kt-accordion-pane-1 kt-pane_a73254-ee\"><div class=\"kt-accordion-header-wrap\"><button class=\"kt-blocks-accordion-header kt-acccordion-button-label-show\"><span class=\"kt-blocks-accordion-title-wrap\"><span class=\"kt-blocks-accordion-title\"><strong>Digital Buyer<\/strong><\/span><\/span><span class=\"kt-blocks-accordion-icon-trigger\"><\/span><\/button><\/div><div class=\"kt-accordion-panel\"><div class=\"kt-accordion-panel-inner\">\n<p>A procurement intelligence product based on artificial intelligence that automates purchasing processes, evaluates commercial proposals, conducts negotiations and concludes purchases after considering the procurement strategies and policies of each company.<\/p>\n<\/div><\/div><\/div>\n\n\n\n<div class=\"wp-block-kadence-pane kt-accordion-pane kt-accordion-pane-2 kt-pane_d54ac9-18\"><div class=\"kt-accordion-header-wrap\"><button class=\"kt-blocks-accordion-header kt-acccordion-button-label-show\"><span class=\"kt-blocks-accordion-title-wrap\"><span class=\"kt-blocks-accordion-title\"><strong>Registration Intelligence<\/strong><\/span><\/span><span class=\"kt-blocks-accordion-icon-trigger\"><\/span><\/button><\/div><div class=\"kt-accordion-panel\"><div class=\"kt-accordion-panel-inner\">\n<p>Uses artificial intelligence to analyze inventories; it interprets their descriptions and specifications, points out stock redundancies and directs the appropriate systemic treatment for the material.<\/p>\n<\/div><\/div><\/div>\n\n\n\n<div class=\"wp-block-kadence-pane kt-accordion-pane kt-accordion-pane-3 kt-pane_c0a150-59\"><div class=\"kt-accordion-header-wrap\"><button class=\"kt-blocks-accordion-header kt-acccordion-button-label-show\"><span class=\"kt-blocks-accordion-title-wrap\"><span class=\"kt-blocks-accordion-title\"><strong>Flight Risk<\/strong><\/span><\/span><span class=\"kt-blocks-accordion-icon-trigger\"><\/span><\/button><\/div><div class=\"kt-accordion-panel\"><div class=\"kt-accordion-panel-inner\">\n<p>An algorithm that can predict which employees are likely to leave the company and when they might resign. The tool has 94% accuracy and helps human resources leaders manage people through a new perspective.<\/p>\n<\/div><\/div><\/div>\n\n\n\n<div class=\"wp-block-kadence-pane kt-accordion-pane kt-accordion-pane-4 kt-pane_05ff61-f3\"><div class=\"kt-accordion-header-wrap\"><button class=\"kt-blocks-accordion-header kt-acccordion-button-label-show\"><span class=\"kt-blocks-accordion-title-wrap\"><span class=\"kt-blocks-accordion-title\"><strong>IzCheck<\/strong><\/span><\/span><span class=\"kt-blocks-accordion-icon-trigger\"><\/span><\/button><\/div><div class=\"kt-accordion-panel\"><div class=\"kt-accordion-panel-inner\">\n<p>A web platform that analyzes data of companies and individuals with regard to meeting legal and compliance requirements through due diligence reviews of business integrity issues.<\/p>\n<\/div><\/div><\/div>\n<\/div><\/div><\/div>\n\n\n\n<div style=\"height:50px\" aria-hidden=\"true\" class=\"wp-block-spacer\"><\/div>\n\n\n\n<p>Using artificial intelligence, the CoE develops solutions to enable decision making through data analysis, including intelligent algorithms in the collection area that predict client movements in the payment and credit area, to strategically manage this flow for the companies in the Votorantim portfolio. Similar initiatives were developed for product pricing and to analyze the dynamics of industrial processes, anticipating potential problems in production.<\/p>\n\n\n\n<p>Some of the CoE\u2019s solutions are already available to the market; the three that stand out are:<\/p>\n\n\n\n<div style=\"height:50px\" aria-hidden=\"true\" class=\"wp-block-spacer\"><\/div>\n\n\n<style id=\"kb-accordion_0e377f-e1\">.kt-accordion-id_0e377f-e1 .kt-accordion-panel-inner {border-radius:0px 0px 0px 0px;background:#ffffff;padding-top:20px;padding-right:20px;padding-bottom:20px;padding-left:20px;border-width:0px 1px 1px 1px;}.kt-accordion-id_0e377f-e1 .wp-block-kadence-pane .kt-accordion-header-wrap .kt-blocks-accordion-header {color:#dd1754;background:#ffffff;border-color:#eeeeee #eeeeee #eeeeee #eeeeee;font-size:18px;line-height:24px;border-radius:0px 0px 0px 0px;border-width:1px 1px 1px 2px;padding-top:14px;padding-right:16px;padding-bottom:14px;padding-left:16px;margin-top:10px;}.kt-accordion-id_0e377f-e1 .kt-blocks-accordion-header .kt-btn-svg-icon svg {width:18px;height:18px;}.kt-accordion-id_0e377f-e1:not( .kt-accodion-icon-style-basiccircle ):not( .kt-accodion-icon-style-xclosecircle ):not( .kt-accodion-icon-style-arrowcircle ) .kt-blocks-accordion-icon-trigger:after, .kt-accordion-id_0e377f-e1:not( .kt-accodion-icon-style-basiccircle ):not( .kt-accodion-icon-style-xclosecircle ):not( .kt-accodion-icon-style-arrowcircle ) .kt-blocks-accordion-icon-trigger:before {background:#dd1754;}.kt-accordion-id_0e377f-e1:not( .kt-accodion-icon-style-basic ):not( .kt-accodion-icon-style-xclose ):not( .kt-accodion-icon-style-arrow ) .kt-blocks-accordion-icon-trigger {background:#dd1754;}.kt-accordion-id_0e377f-e1:not( .kt-accodion-icon-style-basic ):not( .kt-accodion-icon-style-xclose ):not( .kt-accodion-icon-style-arrow ) .kt-blocks-accordion-icon-trigger:after, .kt-accordion-id_0e377f-e1:not( .kt-accodion-icon-style-basic ):not( .kt-accodion-icon-style-xclose ):not( .kt-accodion-icon-style-arrow ) .kt-blocks-accordion-icon-trigger:before {background:#ffffff;}.kt-accordion-id_0e377f-e1 .kt-accordion-header-wrap .kt-blocks-accordion-header:hover, .kt-accordion-id_0e377f-e1 .kt-accordion-header-wrap .kt-blocks-accordion-header:focus {color:#444444;background:#ffffff;border-color:#d4d4d4 #d4d4d4 #d4d4d4 #d4d4d4;}.kt-accordion-id_0e377f-e1:not( .kt-accodion-icon-style-basiccircle ):not( .kt-accodion-icon-style-xclosecircle ):not( .kt-accodion-icon-style-arrowcircle ) .kt-blocks-accordion-header:hover .kt-blocks-accordion-icon-trigger:after, .kt-accordion-id_0e377f-e1:not( .kt-accodion-icon-style-basiccircle ):not( .kt-accodion-icon-style-xclosecircle ):not( .kt-accodion-icon-style-arrowcircle ) .kt-blocks-accordion-header:hover .kt-blocks-accordion-icon-trigger:before, .kt-accordion-id_0e377f-e1:not( .kt-accodion-icon-style-basiccircle ):not( .kt-accodion-icon-style-xclosecircle ):not( .kt-accodion-icon-style-arrowcircle ) .kt-blocks-accordion-header:focus .kt-blocks-accordion-icon-trigger:after, .kt-accordion-id_0e377f-e1:not( .kt-accodion-icon-style-basiccircle ):not( .kt-accodion-icon-style-xclosecircle ):not( .kt-accodion-icon-style-arrowcircle ) .kt-blocks-accordion-header:focus .kt-blocks-accordion-icon-trigger:before {background:#444444;}.kt-accordion-id_0e377f-e1:not( .kt-accodion-icon-style-basic ):not( .kt-accodion-icon-style-xclose ):not( .kt-accodion-icon-style-arrow ) .kt-blocks-accordion-header:hover .kt-blocks-accordion-icon-trigger, .kt-accordion-id_0e377f-e1:not( .kt-accodion-icon-style-basic ):not( .kt-accodion-icon-style-xclose ):not( .kt-accodion-icon-style-arrow ) .kt-blocks-accordion-header:focus .kt-blocks-accordion-icon-trigger {background:#444444;}.kt-accordion-id_0e377f-e1:not( .kt-accodion-icon-style-basic ):not( .kt-accodion-icon-style-xclose ):not( .kt-accodion-icon-style-arrow ) .kt-blocks-accordion-header:hover .kt-blocks-accordion-icon-trigger:after, .kt-accordion-id_0e377f-e1:not( .kt-accodion-icon-style-basic ):not( .kt-accodion-icon-style-xclose ):not( .kt-accodion-icon-style-arrow ) .kt-blocks-accordion-header:hover .kt-blocks-accordion-icon-trigger:before, .kt-accordion-id_0e377f-e1:not( .kt-accodion-icon-style-basic ):not( .kt-accodion-icon-style-xclose ):not( .kt-accodion-icon-style-arrow ) .kt-blocks-accordion-header:focus .kt-blocks-accordion-icon-trigger:after, .kt-accordion-id_0e377f-e1:not( .kt-accodion-icon-style-basic ):not( .kt-accodion-icon-style-xclose ):not( .kt-accodion-icon-style-arrow ) .kt-blocks-accordion-header:focus .kt-blocks-accordion-icon-trigger:before {background:#ffffff;}.kt-accordion-id_0e377f-e1 .kt-accordion-header-wrap .kt-blocks-accordion-header.kt-accordion-panel-active {color:#444444;background:#ffffff;border-color:#eeeeee #eeeeee #eeeeee #0e9cd1;}.kt-accordion-id_0e377f-e1:not( .kt-accodion-icon-style-basiccircle ):not( .kt-accodion-icon-style-xclosecircle ):not( .kt-accodion-icon-style-arrowcircle ) .kt-blocks-accordion-header.kt-accordion-panel-active .kt-blocks-accordion-icon-trigger:after, .kt-accordion-id_0e377f-e1:not( .kt-accodion-icon-style-basiccircle ):not( .kt-accodion-icon-style-xclosecircle ):not( .kt-accodion-icon-style-arrowcircle ) .kt-blocks-accordion-header.kt-accordion-panel-active .kt-blocks-accordion-icon-trigger:before {background:#444444;}.kt-accordion-id_0e377f-e1:not( .kt-accodion-icon-style-basic ):not( .kt-accodion-icon-style-xclose ):not( .kt-accodion-icon-style-arrow ) .kt-blocks-accordion-header.kt-accordion-panel-active .kt-blocks-accordion-icon-trigger {background:#444444;}.kt-accordion-id_0e377f-e1:not( .kt-accodion-icon-style-basic ):not( .kt-accodion-icon-style-xclose ):not( .kt-accodion-icon-style-arrow ) .kt-blocks-accordion-header.kt-accordion-panel-active .kt-blocks-accordion-icon-trigger:after, .kt-accordion-id_0e377f-e1:not( .kt-accodion-icon-style-basic ):not( .kt-accodion-icon-style-xclose ):not( .kt-accodion-icon-style-arrow ) .kt-blocks-accordion-header.kt-accordion-panel-active .kt-blocks-accordion-icon-trigger:before {background:#ffffff;}<\/style>\n<div class=\"wp-block-kadence-accordion alignnone\"><div class=\"kt-accordion-wrap kt-accordion-wrap kt-accordion-id_0e377f-e1 kt-accordion-has-3-panes kt-active-pane-0 kt-accordion-block kt-pane-header-alignment-left kt-accodion-icon-style-arrow kt-accodion-icon-side-right\" style=\"max-width:none\"><div class=\"kt-accordion-inner-wrap\" data-allow-multiple-open=\"false\" data-start-open=\"none\">\n<div class=\"wp-block-kadence-pane kt-accordion-pane kt-accordion-pane-1 kt-pane_70ce73-5f\"><div class=\"kt-accordion-header-wrap\"><button class=\"kt-blocks-accordion-header kt-acccordion-button-label-show\"><span class=\"kt-blocks-accordion-title-wrap\"><span class=\"kt-blocks-accordion-title\"><strong>Sykn<\/strong><\/span><\/span><span class=\"kt-blocks-accordion-icon-trigger\"><\/span><\/button><\/div><div class=\"kt-accordion-panel\"><div class=\"kt-accordion-panel-inner\">\n<p>With a focus on loss prevention, it identifies risks and waste in business transactions through the intensive use of technology; it monitors activities virtually and continuously. Sykn is used by the portfolio companies and, in 2020, the CoE signed its first contract to provide the solution to an external client.<\/p>\n<\/div><\/div><\/div>\n\n\n\n<div class=\"wp-block-kadence-pane kt-accordion-pane kt-accordion-pane-2 kt-pane_1f74a4-73\"><div class=\"kt-accordion-header-wrap\"><button class=\"kt-blocks-accordion-header kt-acccordion-button-label-show\"><span class=\"kt-blocks-accordion-title-wrap\"><span class=\"kt-blocks-accordion-title\"><strong>Critera<\/strong><\/span><\/span><span class=\"kt-blocks-accordion-icon-trigger\"><\/span><\/button><\/div><div class=\"kt-accordion-panel\"><div class=\"kt-accordion-panel-inner\">\n<p>With a focus on health and benefit management, it provides access to information on claims, user profile and costs through a single system, which ensures greater autonomy for Human Resources employees and provides a redefined, unique experience for them, as well as for doctors. In addition to segregated access, the solution ensures medical confidentiality and compliance with the General Data Protection Regulation (GDPR). It is used by portfolio companies and centralizes the management of 87,000 lives and 20,000 employees.<\/p>\n<\/div><\/div><\/div>\n\n\n\n<div class=\"wp-block-kadence-pane kt-accordion-pane kt-accordion-pane-3 kt-pane_dedfa8-ee\"><div class=\"kt-accordion-header-wrap\"><button class=\"kt-blocks-accordion-header kt-acccordion-button-label-show\"><span class=\"kt-blocks-accordion-title-wrap\"><span class=\"kt-blocks-accordion-title\"><strong>Avaliei<\/strong><\/span><\/span><span class=\"kt-blocks-accordion-icon-trigger\"><\/span><\/button><\/div><div class=\"kt-accordion-panel\"><div class=\"kt-accordion-panel-inner\">\n<p>The goal of this startup is to accelerate the property appraisal process and contribute to the digital transformation of the sector through data use. In 2020, Avaliei performed approximately 10,300 evaluations for banks and fintechs, and was included in the proptech maps (startup selection).<\/p>\n<\/div><\/div><\/div>\n<\/div><\/div><\/div>\n\n\n\n<div style=\"height:70px\" aria-hidden=\"true\" class=\"wp-block-spacer\"><\/div>\n\n\n\n<div class=\"wp-block-image\"><figure class=\"aligncenter size-large\"><img loading=\"lazy\" width=\"1024\" height=\"389\" src=\"https:\/\/votorantim2020.blendon.com.br\/wp-content\/uploads\/2021\/04\/summary-of-coe-dynamics-1-1024x389.png\" alt=\"\" class=\"wp-image-5532\" srcset=\"https:\/\/votorantim2020.blendon.com.br\/wp-content\/uploads\/2021\/04\/summary-of-coe-dynamics-1-1024x389.png 1024w, https:\/\/votorantim2020.blendon.com.br\/wp-content\/uploads\/2021\/04\/summary-of-coe-dynamics-1-300x114.png 300w, https:\/\/votorantim2020.blendon.com.br\/wp-content\/uploads\/2021\/04\/summary-of-coe-dynamics-1-768x292.png 768w, https:\/\/votorantim2020.blendon.com.br\/wp-content\/uploads\/2021\/04\/summary-of-coe-dynamics-1.png 1080w\" sizes=\"(max-width: 1024px) 100vw, 1024px\" \/><\/figure><\/div>\n\n\n\n<div style=\"height:50px\" aria-hidden=\"true\" class=\"wp-block-spacer\"><\/div>\n\n\n\n<div class=\"wp-block-columns box-amarelo\">\n<div class=\"wp-block-column\" style=\"flex-basis:15%\">\n<div class=\"wp-block-image\"><figure class=\"alignleft size-full\"><img loading=\"lazy\" width=\"150\" height=\"150\" src=\"https:\/\/votorantim2020.blendon.com.br\/wp-content\/uploads\/2021\/03\/Acao-de-combate-a-Covid-19-150x150-3.png\" alt=\"\" class=\"wp-image-3311\"\/><\/figure><\/div>\n<\/div>\n\n\n\n<div class=\"wp-block-column\" style=\"flex-basis:80%\">\n<p><strong>Solutions Against COVID-19<\/strong><br>The CoE supported the Votorantim Institute and the strategy of Votorantim and portfolio companies to combat the COVID-19 pandemic. The activities conducted by the CoE included mapping and working with partners in the area of digital services and strategic and epidemiological data intelligence solutions to assist governments in decision-making, in addition to developing a platform to provide psychological support to health professionals (<span style=\"color:#0a58ca\" class=\"has-inline-color\"><a href=\"https:\/\/votorantim2020.blendon.com.br\/en\/initiatives-to-combat-covid-19\/\" data-type=\"URL\" data-id=\"https:\/\/votorantim2020.blendon.com.br\/en\/initiatives-to-combat-covid-19\/\">learn&nbsp;more<\/a><\/span>).<\/p>\n<\/div>\n<\/div>\n<!-- AddThis Advanced Settings generic via filter on the_content --><!-- AddThis Share Buttons generic via filter on the_content -->","protected":false},"excerpt":{"rendered":"<p>102-6 | 102-9 | 103-2 | 103-3 Votorantim\u2019s Center of Excellence is made up of centers specialized in information technology, finance, accounting and taxes, human resources, real estate solutions, innovation and data use (analytics). Agility and a sound relationship of trust among its approximately 800 employees enabled the CoE to adapt to new ways of [&hellip;]<!-- AddThis Advanced Settings generic via filter on get_the_excerpt --><!-- AddThis Share Buttons generic via filter on get_the_excerpt --><\/p>\n","protected":false},"author":2,"featured_media":3257,"parent":0,"menu_order":0,"comment_status":"closed","ping_status":"closed","template":"","meta":[],"acf":[],"_links":{"self":[{"href":"https:\/\/votorantim2020.blendon.com.br\/en\/wp-json\/wp\/v2\/pages\/3306"}],"collection":[{"href":"https:\/\/votorantim2020.blendon.com.br\/en\/wp-json\/wp\/v2\/pages"}],"about":[{"href":"https:\/\/votorantim2020.blendon.com.br\/en\/wp-json\/wp\/v2\/types\/page"}],"author":[{"embeddable":true,"href":"https:\/\/votorantim2020.blendon.com.br\/en\/wp-json\/wp\/v2\/users\/2"}],"replies":[{"embeddable":true,"href":"https:\/\/votorantim2020.blendon.com.br\/en\/wp-json\/wp\/v2\/comments?post=3306"}],"version-history":[{"count":21,"href":"https:\/\/votorantim2020.blendon.com.br\/en\/wp-json\/wp\/v2\/pages\/3306\/revisions"}],"predecessor-version":[{"id":5663,"href":"https:\/\/votorantim2020.blendon.com.br\/en\/wp-json\/wp\/v2\/pages\/3306\/revisions\/5663"}],"wp:featuredmedia":[{"embeddable":true,"href":"https:\/\/votorantim2020.blendon.com.br\/en\/wp-json\/wp\/v2\/media\/3257"}],"wp:attachment":[{"href":"https:\/\/votorantim2020.blendon.com.br\/en\/wp-json\/wp\/v2\/media?parent=3306"}],"curies":[{"name":"wp","href":"https:\/\/api.w.org\/{rel}","templated":true}]}}