{"id":3198,"date":"2021-04-01T19:48:34","date_gmt":"2021-04-01T22:48:34","guid":{"rendered":"https:\/\/votorantim2020.blendon.com.br\/?page_id=3198"},"modified":"2021-04-08T11:34:17","modified_gmt":"2021-04-08T14:34:17","slug":"governance-compliance-and-risks","status":"publish","type":"page","link":"https:\/\/votorantim2020.blendon.com.br\/en\/the-investment-holding-company\/governance-compliance-and-risks\/","title":{"rendered":"Governance, Compliance and Risks"},"content":{"rendered":"\n<p class=\"gri\"><span style=\"color:#0000be\" class=\"has-inline-color\">103-1 | 103-22 | 103-3<\/span><\/p>\n\n\n\n<p><\/p>\n\n\n\n<h1><strong>Governance Structure<\/strong><\/h1>\n\n\n\n<p class=\"gri\"><span style=\"color:#0000be\" class=\"has-inline-color\">102-18 | 102-19 | 102-20 | 102-24 | 102-26 | 102-27 | 102-29 | 102-31<\/span><\/p>\n\n\n\n<p>Votorantim\u2019s governance is anchored on three complementary axes:<\/p>\n\n\n\n<ul><li><strong><strong>Ownership<\/strong><\/strong>,<strong> <\/strong>represented by the Board of Hejoassu, the holding company that owns the conglomerate;<\/li><li><strong><strong>Family<\/strong><\/strong>, represented by the Family Board; and<\/li><li><strong><strong>Businesses<\/strong><\/strong>, led by two complementary bodies: the Board of Directors and the Executive Board of Votorantim and its portfolio companies.<\/li><\/ul>\n\n\n\n<div style=\"height:20px\" aria-hidden=\"true\" class=\"wp-block-spacer\"><\/div>\n\n\n\n<p class=\"box-azul-escuro\"><strong>CPP Investments<\/strong><br><strong>102-17<\/strong><br>The Canadian fund authored an article on family businesses in which it recognized Votorantim for its strength, appetite for smart risk-taking and sound corporate governance. The article highlighted the company\u2019s long-term perspective, considering the fact that it has existed for six generations and has plans for many more to come.<br><a rel=\"noreferrer noopener\" href=\"https:\/\/www.cppinvestments.com\/insights\/family-controlled-businesses-a-model-of-long-term-thinking\" target=\"_blank\"><a rel=\"noreferrer noopener\" href=\"https:\/\/www.cppinvestments.com\/insights\/family-controlled-businesses-a-model-of-long-term-thinking\" target=\"_blank\">Access the article<\/a><\/a><\/p>\n\n\n\n<div style=\"height:30px\" aria-hidden=\"true\" class=\"wp-block-spacer\"><\/div>\n\n\n\n<p>Votorantim is constantly improving and evolving its corporate governance practices. Although not all portfolio companies are listed, since 2014 each company has also adopted its own robust governance model that includes its own Board of Directors, advisory committees and Executive Boards, which are responsible for deliberating on strategies, management and investments.<\/p>\n\n\n\n<p>The members of the Boards of Directors of Votorantim and of Hejoassu and of the Family Board serve three-year terms. The last two bodies operate independently from Votorantim, and integration between them is ensured by a formal schedule of meetings. In the portfolio companies, the Boards of Directors are composed of shareholders, employees of the holding company and external independent members. Votorantim also performs periodic assessments of boards and committees, which ontribute to the evolution of its governance.<\/p>\n\n\n\n<div style=\"height:50px\" aria-hidden=\"true\" class=\"wp-block-spacer\"><\/div>\n\n\n\n<h4 class=\"has-text-align-center\">Corporate and Business Structure<\/h4>\n\n\n\n<div style=\"height:15px\" aria-hidden=\"true\" class=\"wp-block-spacer\"><\/div>\n\n\n\n<div class=\"wp-block-image\"><figure class=\"aligncenter size-full\"><img loading=\"lazy\" width=\"1000\" height=\"221\" src=\"https:\/\/votorantim2020.blendon.com.br\/wp-content\/uploads\/2021\/04\/Corporate-and-Business-Structure-v2-1.jpg\" alt=\"\" class=\"wp-image-5755\" srcset=\"https:\/\/votorantim2020.blendon.com.br\/wp-content\/uploads\/2021\/04\/Corporate-and-Business-Structure-v2-1.jpg 1000w, https:\/\/votorantim2020.blendon.com.br\/wp-content\/uploads\/2021\/04\/Corporate-and-Business-Structure-v2-1-300x66.jpg 300w, https:\/\/votorantim2020.blendon.com.br\/wp-content\/uploads\/2021\/04\/Corporate-and-Business-Structure-v2-1-768x170.jpg 768w\" sizes=\"(max-width: 1000px) 100vw, 1000px\" \/><\/figure><\/div>\n\n\n\n<div style=\"height:30px\" aria-hidden=\"true\" class=\"wp-block-spacer\"><\/div>\n\n\n\n<h4 class=\"has-text-align-center\">Administrative Structure<\/h4>\n\n\n\n<div style=\"height:15px\" aria-hidden=\"true\" class=\"wp-block-spacer\"><\/div>\n\n\n\n<div class=\"wp-block-image\"><figure class=\"aligncenter size-full\"><img loading=\"lazy\" width=\"1000\" height=\"416\" src=\"https:\/\/votorantim2020.blendon.com.br\/wp-content\/uploads\/2021\/04\/Administrative-Structure-v2-4.jpg\" alt=\"\" class=\"wp-image-5757\" srcset=\"https:\/\/votorantim2020.blendon.com.br\/wp-content\/uploads\/2021\/04\/Administrative-Structure-v2-4.jpg 1000w, https:\/\/votorantim2020.blendon.com.br\/wp-content\/uploads\/2021\/04\/Administrative-Structure-v2-4-300x125.jpg 300w, https:\/\/votorantim2020.blendon.com.br\/wp-content\/uploads\/2021\/04\/Administrative-Structure-v2-4-768x319.jpg 768w\" sizes=\"(max-width: 1000px) 100vw, 1000px\" \/><\/figure><\/div>\n\n\n\n<div style=\"height:50px\" aria-hidden=\"true\" class=\"wp-block-spacer\"><\/div>\n\n\n\n<h3><strong>Board of Hejoassu<\/strong><\/h3>\n\n\n\n<p>It is composed of 12 shareholders, with three representatives from each of the four family holding companies. It works independently and is responsible for recommending to Votorantim its financial aspiration, macro vision and risk appetite, and for appointing members of the Board of Directors of Votorantim. The Board is also the guardian of Votorantim\u2019s culture and DNA, ensuring the preservation of the family\u2019s vision. In its sixth generation, the family is made up of 164 people, of whom 41 are shareholders.<\/p>\n\n\n\n<div style=\"height:50px\" aria-hidden=\"true\" class=\"wp-block-spacer\"><\/div>\n\n\n\n<h3><strong>Family Board<\/strong><\/h3>\n\n\n\n<p>Its current composition includes seven members, five from the fifth generation and two from the fourth generation, whose purpose is to promote family unity and the development of family members, and to act as a link in the communication between the family and businesses.<br><br>To this end, it develops initiatives supported by a model that considers the categories of Shareholders, the Family, Careers and Social Engagement. In 2020, the focus was on Social Engagement, which, due to the pandemic, expanded its reach by pursuing the best strategies, which included the Hejoassu Board and alignment with the holding company and the Votorantim Institute in the fight against COVID-19, leveraging the activities with synergy. One of the joint activities with the Votorantim Institute was raising funds\u2014part of which was donated by banco BV\u2014that were converted into food vouchers that were distributed to the Vila Leopoldina and Heli\u00f3polis communities in S\u00e3o Paulo. Approximately 100 family members from four generations were directly involved in the initiative.<br><br>In 2020, the Board\u2019s structure was also strengthened through the work of its Social Committee, which deals with issues relating to entities historically supported by the family: Associa\u00e7\u00e3o de Assist\u00eancia \u00e0 Crian\u00e7a Deficiente (AACD), BP \u2013 A Benefic\u00eancia Portuguesa de S\u00e3o Paulo and A.C. Camargo Cancer Center. The Committee raised funds that supported telemedicine projects at the three institutions, in addition to enabling other initiatives, such as Telethon, a TV marathon to raise awareness and mobilize public support for people with physical disabilities.<br><br>The challenge of social distancing was faced with creativity and innovation. Plant tours, which include family members of the fifth and sixth generations between 10 and 12 years of age, were held virtually. Throughout the year, other initiatives were also adapted to meet the social distancing requirement and took place in the form of live virtual events and podcasts, with invited specialists presenting content that was relevant for that moment.<\/p>\n\n\n\n<div style=\"height:20px\" aria-hidden=\"true\" class=\"wp-block-spacer\"><\/div>\n\n\n\n<h4><strong><br>Family Values<\/strong><\/h4>\n\n\n\n<div style=\"height:25px\" aria-hidden=\"true\" class=\"wp-block-spacer\"><\/div>\n\n\n\n<div class=\"wp-container-4 wp-block-group boxs-margin\"><div class=\"wp-block-group__inner-container\">\n<p class=\"box-amarelo\"><strong>Integrity<br><\/strong>Being ethical and acting with integrity, honoring our history and creating the future with respect<\/p>\n\n\n\n<div class=\"wp-container-1 wp-block-group box-azul-escuro\"><div class=\"wp-block-group__inner-container\">\n<p id=\"box-azul-escuro\"><strong>Generosity<\/strong><br>Being generous with yourself, the family and society<\/p>\n<\/div><\/div>\n\n\n\n<p class=\"box-magenta\"><strong>Courage<\/strong><br>Persevering, always being open to learn and evolve, and believing that everything is possible<\/p>\n\n\n\n<p class=\"box-azul-claro\"><strong>Unity<\/strong><br>Honoring the history that unites us, valuing our collective Power and owning the creation of our Legacy<\/p>\n\n\n\n<div class=\"wp-container-2 wp-block-group box-laranja\"><div class=\"wp-block-group__inner-container\">\n<p><strong>Impact<\/strong><br>Working with dedication and achievement-focused energy, driven by the power to innovate and transform<\/p>\n<\/div><\/div>\n\n\n\n<div class=\"wp-container-3 wp-block-group box-ciano\"><div class=\"wp-block-group__inner-container\">\n<p><strong>Passion<\/strong><br>Having freedom and motivation to find and pursue your passions<\/p>\n<\/div><\/div>\n<\/div><\/div>\n\n\n\n<div style=\"height:15px\" aria-hidden=\"true\" class=\"wp-block-spacer\"><\/div>\n\n\n\n<div style=\"height:50px\" aria-hidden=\"true\" class=\"wp-block-spacer\"><\/div>\n\n\n\n<h3><strong>Board of Directors<\/strong><\/h3>\n\n\n\n<p>In 2020, the Board of Directors was strengthened with the arrival of Marcos Lutz and maintained its composition of seven members\u2014one chairman, one deputy chairman, two board members and three independent board members. The chairman and independent board members are not part of the shareholder family. The responsibilities of the Board of Directors include preparing the strategic plan and determining the actions needed to put it into practice, deliberating on capital allocation, appointing the members of the Executive Board and the Boards of Directors of the portfolio companies and monitoring their performance.<\/p>\n\n\n\n<p><strong>Members<\/strong><span style=\"color:#0000be\" class=\"has-inline-color\"><strong>102-22 | 102-23<\/strong><\/span><\/p>\n\n\n\n<div style=\"height:25px\" aria-hidden=\"true\" class=\"wp-block-spacer\"><\/div>\n\n\n\n<table id=\"tablepress-3\" class=\"tablepress tablepress-id-3\">\n<thead>\n<tr class=\"row-1 odd\">\n\t<th class=\"column-1\">Member<\/th><th class=\"column-2\">Position<\/th>\n<\/tr>\n<\/thead>\n<tbody class=\"row-hover\">\n<tr class=\"row-2 even\">\n\t<td class=\"column-1\">Eduardo Vassimon<\/td><td class=\"column-2\">Chairman<\/td>\n<\/tr>\n<tr class=\"row-3 odd\">\n\t<td class=\"column-1\">Jos\u00e9 Roberto Erm\u00edrio de Moraes<\/td><td class=\"column-2\">Deputy Chairman<\/td>\n<\/tr>\n<tr class=\"row-4 even\">\n\t<td class=\"column-1\">Cl\u00e1udio Erm\u00edrio de Moraes<\/td><td class=\"column-2\">Board Member<\/td>\n<\/tr>\n<tr class=\"row-5 odd\">\n\t<td class=\"column-1\">Lu\u00eds Erm\u00edrio de Moraes<\/td><td class=\"column-2\">Board Member<\/td>\n<\/tr>\n<tr class=\"row-6 even\">\n\t<td class=\"column-1\">Marcelo Medeiros<\/td><td class=\"column-2\">Independent Board Member<\/td>\n<\/tr>\n<tr class=\"row-7 odd\">\n\t<td class=\"column-1\">Marcos Lutz<\/td><td class=\"column-2\">Independent Board Member<\/td>\n<\/tr>\n<tr class=\"row-8 even\">\n\t<td class=\"column-1\">Oscar Bernardes<\/td><td class=\"column-2\">Independent Board Member<\/td>\n<\/tr>\n<\/tbody>\n<\/table>\n<!-- #tablepress-3 from cache -->\n\n\n\n<div style=\"height:70px\" aria-hidden=\"true\" class=\"wp-block-spacer\"><\/div>\n\n\n\n<h3><strong><strong>Executive Board<\/strong><\/strong><\/h3>\n\n\n\n<p>This includes the CEO and five officers, whose responsibility is to conduct the company\u2019s operations in accordance with the strategic guidelines outlined by the Board of Directors.<\/p>\n\n\n\n<p><strong>Members<\/strong><span style=\"color:#0000be\" class=\"has-inline-color\"><strong>102-22 | 102-23<\/strong><\/span><\/p>\n\n\n\n<div style=\"height:25px\" aria-hidden=\"true\" class=\"wp-block-spacer\"><\/div>\n\n\n\n<table id=\"tablepress-4\" class=\"tablepress tablepress-id-4\">\n<thead>\n<tr class=\"row-1 odd\">\n\t<th class=\"column-1\">Member<\/th><th class=\"column-2\">Position<\/th>\n<\/tr>\n<\/thead>\n<tbody class=\"row-hover\">\n<tr class=\"row-2 even\">\n\t<td class=\"column-1\">Jo\u00e3o H. Schmidt<\/td><td class=\"column-2\">CEO<\/td>\n<\/tr>\n<tr class=\"row-3 odd\">\n\t<td class=\"column-1\">Glaisy Domingues<\/td><td class=\"column-2\">Chief Legal Officer<\/td>\n<\/tr>\n<tr class=\"row-4 even\">\n\t<td class=\"column-1\">Luiz Caruso<\/td><td class=\"column-2\">Center of Excellence and Compliance Officer<\/td>\n<\/tr>\n<tr class=\"row-5 odd\">\n\t<td class=\"column-1\">Marcio Yamachira<\/td><td class=\"column-2\">Corporate Development Officer<\/td>\n<\/tr>\n<tr class=\"row-6 even\">\n\t<td class=\"column-1\">Mateus Gomes Ferreira<\/td><td class=\"column-2\">Chief Investment Officer<\/td>\n<\/tr>\n<tr class=\"row-7 odd\">\n\t<td class=\"column-1\">Sergio Malacrida<\/td><td class=\"column-2\">CFO and Investor Relations Officer<\/td>\n<\/tr>\n<\/tbody>\n<\/table>\n<!-- #tablepress-4 from cache -->\n\n\n\n<div style=\"height:70px\" aria-hidden=\"true\" class=\"wp-block-spacer\"><\/div>\n\n\n\n<h1>Compliance <\/h1>\n\n\n\n<p class=\"gri\"><span style=\"color:#0000be\" class=\"has-inline-color\">102-17 | 102-25<\/span><\/p>\n\n\n\n<div style=\"height:30px\" aria-hidden=\"true\" class=\"wp-block-spacer\"><\/div>\n\n\n\n<div class=\"wp-block-columns\">\n<div class=\"wp-block-column\">\n<div class=\"wp-block-image\"><figure class=\"alignleft size-large is-resized\"><img loading=\"lazy\" src=\"https:\/\/votorantim2020.blendon.com.br\/wp-content\/uploads\/2021\/03\/linha-etica-2.png\" alt=\"\" class=\"wp-image-3211\" width=\"45\" height=\"45\"\/><\/figure><\/div>\n\n\n\n<p><\/p>\n\n\n\n<div style=\"height:6px\" aria-hidden=\"true\" class=\"wp-block-spacer\"><\/div>\n\n\n\n<p>Ethics Line &#8211; 0800 89 11 729<\/p>\n<\/div>\n\n\n\n<div class=\"wp-block-column\">\n<div class=\"wp-block-image\"><figure class=\"alignleft size-large is-resized\"><img loading=\"lazy\" src=\"https:\/\/votorantim2020.blendon.com.br\/wp-content\/uploads\/2021\/03\/acesse-o-site-1.png\" alt=\"\" class=\"wp-image-3124\" width=\"45\" height=\"45\"\/><\/figure><\/div>\n\n\n\n<p><\/p>\n\n\n\n<div style=\"height:6px\" aria-hidden=\"true\" class=\"wp-block-spacer\"><\/div>\n\n\n\n<p><a rel=\"noreferrer noopener\" href=\"https:\/\/secure.ethicspoint.com\/domain\/media\/en\/gui\/27543\/index.html\" data-type=\"URL\" data-id=\"https:\/\/secure.ethicspoint.com\/domain\/media\/en\/gui\/27543\/index.html\" target=\"_blank\">Votorantim Ethics Line<\/a><\/p>\n<\/div>\n<\/div>\n\n\n\n<p>In 2020, the Compliance area participated in the effort to fight the pandemic. A working group was created to direct the donations approved by the COVID-19 Committee, which was made up of representatives of Votorantim, the portfolio companies, the Votorantim Institute, BP \u2013 A Benefic\u00eancia Portuguesa de S\u00e3o Paulo, and the shareholder family. The responsibilities of this committee included evaluating and deliberating on the donation strategy and ensuring smooth processes and the proper allocation of resources, in addition to preventing the expectation of reciprocity from the benefited municipalities.<\/p>\n\n\n\n<p>Together with the Votorantim Institute and BP \u2013 A Benefic\u00eancia Portuguesa de S\u00e3o Paulo, more than 170 due diligence processes were carried out to identify, through a series of indicators, the level of integrity of the municipalities considered for donations; internal documents were also created to formalize the processes and provide accountability. One of the measures adopted was the staggering of donations in a way that future installments were only released once the previous installment had been accounted for. Another differentiated approach had to do with the delivery of the donations, which was made by the company itself, leveraging Votorantim Cimentos\u2019 extensive logistics network.<\/p>\n\n\n\n<p>At the same time, steps were taken during the year to improve the compliance and risk structure, guided by the concept of Compliance 4.0. One example is the Government Interaction Records (<em>Registros de Intera\u00e7\u00e3o com Agentes Governamentais<\/em>, RIGs), a system that was migrated to an external platform managed by specialists. It concentrates al information in this area, including Compliance Declarations and training on the Code of Conduct, as well as the analysis of risk maturity and compliance of Votorantim Cimentos, Votorantim Energia, Nexa, Citrosuco and CBA.<\/p>\n\n\n\n<p>Focused on the organization and optimization of processes, the Legal Suppliers Management (LSM) project advanced during the year. Its goal is to standardize, streamline and decentralize the contracts made within the scope of the Legal department. Part of this process was transferred to the Center of Excellence (CoE) and another part involved the review of contracts and minutes, and adjustments to the payment and registration flows.<\/p>\n\n\n\n<p>As a result of the pandemic, the third Compliance Week was held virtually, which did not compromise the discussions on issues involving ethics and integrity in internal and external relations. Executives from Votorantim and the portfolio companies and the Chairman of the Board of Directors, Eduardo Vassimon, participated in the panels. Also a discussion on donations and relationships with public officials were held by political scientist Humberto Dantas, Adjarbas Guerra (director of Governance, Risks and Compliance of Votorantim Cimentos) and Cloves de Carvalho (director of the Votorantim Institute). <strong><span style=\"color:#0000be\" class=\"has-inline-color\">205-2<\/span><\/strong><\/p>\n\n\n\n<div style=\"height:25px\" aria-hidden=\"true\" class=\"wp-block-spacer\"><\/div>\n\n\n\n<div class=\"wp-container-5 wp-block-group box-azul-claro\"><div class=\"wp-block-group__inner-container\">\n<p><strong>Compliance resources 102-17<\/strong><\/p>\n\n\n\n<ul><li>Compliance Program<\/li><li>Anti-Corruption and Antitrust Program<\/li><li>Code of Conduct<\/li><li>Trade Compliance<\/li><li>Donation and sponsorship processes<\/li><li>Third party due diligence and M&amp;A processes<\/li><li>Compliance Declarations<\/li><li>Conflict of interest assessment<\/li><li>Ethics Line<\/li><li>Compliance clauses (anti-corruption) in all standard contracts<\/li><li>Internal audit performed by a third party<\/li><li>Audit Committee in the portfolio companies<\/li><\/ul>\n<\/div><\/div>\n\n\n\n<div style=\"height:50px\" aria-hidden=\"true\" class=\"wp-block-spacer\"><\/div>\n\n\n\n<h1><strong>Risk Management<\/strong><\/h1>\n\n\n\n<p class=\"gri\"><span style=\"color:#0000be\" class=\"has-inline-color\">102-9 | 102-10 | 102-11 | 102-30<\/span><\/p>\n\n\n\n<p>Votorantim quantifies its risk appetite annually, considering its role as an investment holding company. The portfolio companies, in turn, are responsible for identifying, measuring and addressing strategic, reputational, social, environmental, regulatory and financial risks, and determining their risk appetite by taking into account risk probability and impact.<br><br>The assessment of risk appetite considers qualitative aspects\u2014that is, the definition of risk categories and willingness to incur a certain risk in relation to the predicted return or impact\u2014and quantitative aspects\u2014considering the maximum risk that Votorantim is willing to take within the scope of its global capacity. This assessment results in a classification of tolerance levels, which trigger the appropriate governance tiers.<br><br>The pandemic prompted the mapping of a series of risks encountered in previous global crises, which were added to those already identified and applicable to the current context, such as compromise of reputation and misappropriation of funds and material, as well as misuse of resources by the government. The holding company exercised care when dealing with all assistance programs, using its probability and impact assessment to guide mitigation initiatives.<br><br>Through participation in the governance bodies of the portfolio companies, Votorantim influences and monitors the appropriateness of their risk appetite level, considering variables such as the markets where they operate, positioning and expectations.<\/p>\n<!-- AddThis Advanced Settings generic via filter on the_content --><!-- AddThis Share Buttons generic via filter on the_content -->","protected":false},"excerpt":{"rendered":"<p>103-1 | 103-22 | 103-3 Governance Structure 102-18 | 102-19 | 102-20 | 102-24 | 102-26 | 102-27 | 102-29 | 102-31 Votorantim\u2019s governance is anchored on three complementary axes: Ownership, represented by the Board of Hejoassu, the holding company that owns the conglomerate; Family, represented by the Family Board; and Businesses, led by two [&hellip;]<!-- AddThis Advanced Settings generic via filter on get_the_excerpt --><!-- AddThis Share Buttons generic via filter on get_the_excerpt --><\/p>\n","protected":false},"author":2,"featured_media":3212,"parent":3013,"menu_order":0,"comment_status":"closed","ping_status":"closed","template":"","meta":[],"acf":[],"_links":{"self":[{"href":"https:\/\/votorantim2020.blendon.com.br\/en\/wp-json\/wp\/v2\/pages\/3198"}],"collection":[{"href":"https:\/\/votorantim2020.blendon.com.br\/en\/wp-json\/wp\/v2\/pages"}],"about":[{"href":"https:\/\/votorantim2020.blendon.com.br\/en\/wp-json\/wp\/v2\/types\/page"}],"author":[{"embeddable":true,"href":"https:\/\/votorantim2020.blendon.com.br\/en\/wp-json\/wp\/v2\/users\/2"}],"replies":[{"embeddable":true,"href":"https:\/\/votorantim2020.blendon.com.br\/en\/wp-json\/wp\/v2\/comments?post=3198"}],"version-history":[{"count":51,"href":"https:\/\/votorantim2020.blendon.com.br\/en\/wp-json\/wp\/v2\/pages\/3198\/revisions"}],"predecessor-version":[{"id":5759,"href":"https:\/\/votorantim2020.blendon.com.br\/en\/wp-json\/wp\/v2\/pages\/3198\/revisions\/5759"}],"up":[{"embeddable":true,"href":"https:\/\/votorantim2020.blendon.com.br\/en\/wp-json\/wp\/v2\/pages\/3013"}],"wp:featuredmedia":[{"embeddable":true,"href":"https:\/\/votorantim2020.blendon.com.br\/en\/wp-json\/wp\/v2\/media\/3212"}],"wp:attachment":[{"href":"https:\/\/votorantim2020.blendon.com.br\/en\/wp-json\/wp\/v2\/media?parent=3198"}],"curies":[{"name":"wp","href":"https:\/\/api.w.org\/{rel}","templated":true}]}}