{"id":3169,"date":"2021-04-01T19:17:44","date_gmt":"2021-04-01T22:17:44","guid":{"rendered":"https:\/\/votorantim2020.blendon.com.br\/?page_id=3169"},"modified":"2021-04-08T11:05:50","modified_gmt":"2021-04-08T14:05:50","slug":"people","status":"publish","type":"page","link":"https:\/\/votorantim2020.blendon.com.br\/en\/the-investment-holding-company\/people\/","title":{"rendered":"People"},"content":{"rendered":"\n<p class=\"gri\"><span style=\"color:#0000be\" class=\"has-inline-color\"><strong>103-1 | 103-2 | <\/strong><\/span><strong><span style=\"color:#0000be\" class=\"has-inline-color\">103-3<\/span><\/strong><\/p>\n\n\n\n<p>Supported by three pillars: (i) Attractiveness, Engagement and Communication; (ii) People and Organization Development; and (iii) Compensation and Benefits\u2014the Human and Organizational Development (HR) area worked, in this atypical year, to accelerate the integration of human resources issues, and started to report directly to the CEO.<\/p>\n\n\n\n<div style=\"height:30px\" aria-hidden=\"true\" class=\"wp-block-spacer\"><\/div>\n\n\n\n<div class=\"wp-block-columns\">\n<div class=\"wp-block-column\" style=\"flex-basis:20%\">\n<figure class=\"wp-block-image size-large is-resized\"><img loading=\"lazy\" src=\"https:\/\/votorantim2020.blendon.com.br\/wp-content\/uploads\/2021\/04\/acesse-o-site-1.png\" alt=\"\" class=\"wp-image-5171\" width=\"45\" height=\"45\"\/><\/figure>\n\n\n\n<p><a rel=\"noreferrer noopener\" href=\"https:\/\/www.votorantim.com.br\/?lang=en\" target=\"_blank\">Visit Votorantim\u2019s website<\/a><\/p>\n<\/div>\n\n\n\n<div class=\"wp-block-column\" style=\"flex-basis:15%\">\n<figure class=\"wp-block-image is-resized\"><a href=\"https:\/\/www.linkedin.com\/company\/votorantim\/\" target=\"_blank\" rel=\"noopener\"><img loading=\"lazy\" src=\"https:\/\/votorantim2020.blendon.com.br\/wp-content\/uploads\/2021\/03\/linkedin-1.png\" alt=\"O atributo alt desta imagem est\u00e1 vazio. O nome do arquivo \u00e9 linkedin-1.png\" width=\"45\" height=\"45\"\/><\/a><\/figure>\n<\/div>\n\n\n\n<div class=\"wp-block-column\" style=\"flex-basis:15%\">\n<figure class=\"wp-block-image is-resized\"><a href=\"https:\/\/open.spotify.com\/show\/1CKSjT8tRqk8Q29PQwdnA3]\" target=\"_blank\" rel=\"noopener\"><img loading=\"lazy\" src=\"https:\/\/votorantim2020.blendon.com.br\/wp-content\/uploads\/2021\/03\/spotify-1.png\" alt=\"O atributo alt desta imagem est\u00e1 vazio. O nome do arquivo \u00e9 spotify-1.png\" width=\"45\" height=\"45\"\/><\/a><\/figure>\n<\/div>\n\n\n\n<div class=\"wp-block-column\" style=\"flex-basis:15%\">\n<figure class=\"wp-block-image is-resized\"><a href=\"https:\/\/www.youtube.com\/channel\/UCiH0kvslMdffZ3VW39pS9nw\" target=\"_blank\" rel=\"noopener\"><img loading=\"lazy\" src=\"https:\/\/votorantim2020.blendon.com.br\/wp-content\/uploads\/2021\/03\/youtube-2.png\" alt=\"O atributo alt desta imagem est\u00e1 vazio. O nome do arquivo \u00e9 youtube-2.png\" width=\"45\" height=\"45\"\/><\/a><\/figure>\n<\/div>\n\n\n\n<div class=\"wp-block-column\" style=\"flex-basis:15%\">\n<figure class=\"wp-block-image is-resized\"><a href=\"https:\/\/www.instagram.com\/somosvotorantim\/?hl=pt-br\" target=\"_blank\" rel=\"noopener\"><img loading=\"lazy\" src=\"https:\/\/votorantim2020.blendon.com.br\/wp-content\/uploads\/2021\/03\/instagram-2.png\" alt=\"O atributo alt desta imagem est\u00e1 vazio. O nome do arquivo \u00e9 instagram-2.png\" width=\"45\" height=\"45\"\/><\/a><\/figure>\n<\/div>\n<\/div>\n\n\n\n<div style=\"height:25px\" aria-hidden=\"true\" class=\"wp-block-spacer\"><\/div>\n\n\n\n<h3>Attractiveness, Engagement and Communication<\/h3>\n\n\n\n<p>Due to the requirements imposed by the pandemic, some initiatives had to be adapted to new formats.<\/p>\n\n\n\n<p>This was the case with all phases of the Internship Program, the main entry level to the company, which were changed to a virtual format. As in 2019, the 11 participants were identified through blind selection\u2014that is, only professional attributes were taken into account, without access to personal information, such as gender and ethnicity. The summer internship program, Votorantim Experience, included two young professionals who developed projects in the areas of Corporate Development and Real Estate Investments.<\/p>\n\n\n\n<p>Initiatives such as workshops with Financial Market Leagues from universities, training for engineering students with the involvement of portfolio companies and events including different student organizations continued to take place during the year, although virtually.<\/p>\n\n\n\n<p>The process of onboarding new employees also had to be adapted to the pandemic scenario. The Ambassadors Program, which encourages employees to represent the company externally, remained active online, with participation in 22 market events, such as college fairs and student mentoring initiatives. Three Votorantim Meeting (<em>Encontro Votorantim<\/em>) events, a forum where the company\u2019s leadership discusses business guidelines with the employees, were hosted during the year\u2014one in person and two virtual. One of them featured the presentation of the revised Votorantim values (V3) and the other included discussions on topics such as the transformation of the portfolio, businesses, citizenship, culture and diversity, where one of the highlights was a presentation on unconscious biases made by neuroscientist Carla Tieppo.<\/p>\n\n\n\n<p>The knowledge creation meetings that took place virtually during the year included a presentation on structural racism by philosopher and writer Djamila Ribeiro, in response to an internal survey that identified the need to prioritize ethnicity in initiatives to promote diversity. In parallel, the company distributed internally a booklet entitled \u201cThe importance of anti-racism: tips and attitudes\u201d as an instrument to increase awareness of this issue. Another topic addressed in a discussion with men on World Women\u2019s Equality Day was masculinity and its aspects, by the editor of the website <em>Papo de Homem<\/em>, Guilherme Valadares. Also, in March, on International Women\u2019s Day, female assertiveness was discussed during a breakfast that included the participation of 34 employees\u2014all of whom received a copy of the book \u201cWe should all be feminists\u201d, by Nigerian writer Chimamanda Ngozi Adichie.<\/p>\n\n\n\n<p>Votocast, the podcast platform launched in 2019 and made available to the general public, addressed current issues from the perspective of internal experiences, including health initiatives, fighting machismo, embracing the LGBTQIA+ population, risk analysis, and urban development, among others. In addition, to share knowledge with society at a time when people most needed it, internal initiatives\u2014such as discussions on mental health within <em>Semana+ Vida<\/em> (Health Week) and a debate on employability during social isolation\u2014were extended to the general public.<\/p>\n\n\n\n<p>Initiatives to fight COVID-19 (<a href=\"https:\/\/votorantim2020.blendon.com.br\/en\/initiatives-to-combat-covid-19\/\">learn more<\/a>), carried out jointly with the Votorantim Institute and the portfolio companies, were the constant focus of communication efforts, especially to provide accountability to employees and external audiences on the financial and operational resources directed to these activities. The transparency website created for this purpose was updated periodically with details of the initiatives. At the end of the year, Votorantim posted an ad and video on its social media sites to fulfill its accountability to society.<\/p>\n\n\n\n<p>During the year, Votorantim further established its presence in social media, reinforcing direct communications and interactions with its stakeholders, with a 12% increase in LinkedIn connections (finance professionals are the second largest group of Votorantim\u2019s followers), 25% more Instagram followers, almost 60,000 views on videos posted on YouTube and more than 5,000 listeners of the 11 episodes of Votocast, through Spotify, YouTube and other podcast platforms.<\/p>\n\n\n\n<div style=\"height:20px\" aria-hidden=\"true\" class=\"wp-block-spacer\"><\/div>\n\n\n\n<figure class=\"wp-block-image size-large is-resized\"><img loading=\"lazy\" src=\"https:\/\/votorantim2020.blendon.com.br\/wp-content\/uploads\/2021\/03\/baixe-o-guia-do-voto.png\" alt=\"\" class=\"wp-image-3294\" width=\"45\" height=\"45\"\/><\/figure>\n\n\n\n<p><a href=\"https:\/\/www.votorantim.com.br\/manual-antirracismo\/\" target=\"_blank\" rel=\"noreferrer noopener\">Download the booklet \u201cThe importance of anti-racism: tips and attitudes\u201d<\/a><\/p>\n\n\n\n<div style=\"height:30px\" aria-hidden=\"true\" class=\"wp-block-spacer\"><\/div>\n\n\n\n<h2>People and Organization Development<\/h2>\n\n\n\n<p>In 2020, within the scope of the already established Votorantim Development System (<em>Sistema de Desenvolvimento Votorantim, SDV<\/em>), individual development activities\u2014including coaching, counseling, creation of Individual Development Plans (IDPs) and discussions\u2014continued virtually, involving 95 employees in 304 hours of service.<br><br>With regard to organizational and relationship development, employees of the holding company responded to an engagement and culture survey, with 97.5% participation. Based on the Barrett Values Centre methodology, the survey concluded that employees exhibit the following characteristics as part of the current culture:<\/p>\n\n\n\n<div style=\"height:30px\" aria-hidden=\"true\" class=\"wp-block-spacer\"><\/div>\n\n\n\n<ul><li>Base their actions on strong moral principles and are dedicated to building a positive reputation;<\/li><li>Focus on achievements and high-quality criteria; and<\/li><li>Are dedicated, look for continuous ways to enhance their knowledge and skills, plan for the future, and collaborate with their stakeholders.<\/li><\/ul>\n\n\n\n<div style=\"height:30px\" aria-hidden=\"true\" class=\"wp-block-spacer\"><\/div>\n\n\n\n<p>Unlike previous surveys, the recent culture survey included individual feedback: Each participant had the opportunity to reflect on the importance of individual transformation based on his\/her values and how it impacts the evolution of organizational culture. Based on that, Votorantim created internal events called <em>Bate-Papo Virtual <\/em>(Virtual Chat) to promote greater integration between the areas and the employees of the holding company. Nine virtual meetings were held during the year, including discussions in two areas: Businesses and Culture. Among the topics discussed were the development of real estate investments, ESG and long-term investment approaches.<br><br>The activities of the Votorantim Academy, divided into four channels, were deployed across all portfolio companies:<\/p>\n\n\n\n<div style=\"height:25px\" aria-hidden=\"true\" class=\"wp-block-spacer\"><\/div>\n\n\n<style id=\"kb-accordion_e20963-94\">.kt-accordion-id_e20963-94 .kt-accordion-panel-inner {border-radius:0px 0px 0px 0px;background:#ffffff;padding-top:20px;padding-right:20px;padding-bottom:20px;padding-left:20px;border-width:0px 1px 1px 1px;}.kt-accordion-id_e20963-94 .wp-block-kadence-pane .kt-accordion-header-wrap .kt-blocks-accordion-header {color:#dd1754;background:#ffffff;border-color:#eeeeee #eeeeee #eeeeee #eeeeee;font-size:18px;line-height:24px;border-radius:0px 0px 0px 0px;border-width:1px 1px 1px 2px;padding-top:14px;padding-right:16px;padding-bottom:14px;padding-left:16px;margin-top:10px;}.kt-accordion-id_e20963-94 .kt-blocks-accordion-header .kt-btn-svg-icon svg {width:18px;height:18px;}.kt-accordion-id_e20963-94:not( .kt-accodion-icon-style-basiccircle ):not( .kt-accodion-icon-style-xclosecircle ):not( .kt-accodion-icon-style-arrowcircle ) .kt-blocks-accordion-icon-trigger:after, .kt-accordion-id_e20963-94:not( .kt-accodion-icon-style-basiccircle ):not( .kt-accodion-icon-style-xclosecircle ):not( .kt-accodion-icon-style-arrowcircle ) .kt-blocks-accordion-icon-trigger:before {background:#dd1754;}.kt-accordion-id_e20963-94:not( .kt-accodion-icon-style-basic ):not( .kt-accodion-icon-style-xclose ):not( .kt-accodion-icon-style-arrow ) .kt-blocks-accordion-icon-trigger {background:#dd1754;}.kt-accordion-id_e20963-94:not( .kt-accodion-icon-style-basic ):not( .kt-accodion-icon-style-xclose ):not( .kt-accodion-icon-style-arrow ) .kt-blocks-accordion-icon-trigger:after, .kt-accordion-id_e20963-94:not( .kt-accodion-icon-style-basic ):not( .kt-accodion-icon-style-xclose ):not( .kt-accodion-icon-style-arrow ) .kt-blocks-accordion-icon-trigger:before {background:#ffffff;}.kt-accordion-id_e20963-94 .kt-accordion-header-wrap .kt-blocks-accordion-header:hover, .kt-accordion-id_e20963-94 .kt-accordion-header-wrap .kt-blocks-accordion-header:focus {color:#444444;background:#ffffff;border-color:#d4d4d4 #d4d4d4 #d4d4d4 #d4d4d4;}.kt-accordion-id_e20963-94:not( .kt-accodion-icon-style-basiccircle ):not( .kt-accodion-icon-style-xclosecircle ):not( .kt-accodion-icon-style-arrowcircle ) .kt-blocks-accordion-header:hover .kt-blocks-accordion-icon-trigger:after, .kt-accordion-id_e20963-94:not( .kt-accodion-icon-style-basiccircle ):not( .kt-accodion-icon-style-xclosecircle ):not( .kt-accodion-icon-style-arrowcircle ) .kt-blocks-accordion-header:hover .kt-blocks-accordion-icon-trigger:before, .kt-accordion-id_e20963-94:not( .kt-accodion-icon-style-basiccircle ):not( .kt-accodion-icon-style-xclosecircle ):not( .kt-accodion-icon-style-arrowcircle ) .kt-blocks-accordion-header:focus .kt-blocks-accordion-icon-trigger:after, .kt-accordion-id_e20963-94:not( .kt-accodion-icon-style-basiccircle ):not( .kt-accodion-icon-style-xclosecircle ):not( .kt-accodion-icon-style-arrowcircle ) .kt-blocks-accordion-header:focus .kt-blocks-accordion-icon-trigger:before {background:#444444;}.kt-accordion-id_e20963-94:not( .kt-accodion-icon-style-basic ):not( .kt-accodion-icon-style-xclose ):not( .kt-accodion-icon-style-arrow ) .kt-blocks-accordion-header:hover .kt-blocks-accordion-icon-trigger, .kt-accordion-id_e20963-94:not( .kt-accodion-icon-style-basic ):not( .kt-accodion-icon-style-xclose ):not( .kt-accodion-icon-style-arrow ) .kt-blocks-accordion-header:focus .kt-blocks-accordion-icon-trigger {background:#444444;}.kt-accordion-id_e20963-94:not( .kt-accodion-icon-style-basic ):not( .kt-accodion-icon-style-xclose ):not( .kt-accodion-icon-style-arrow ) .kt-blocks-accordion-header:hover .kt-blocks-accordion-icon-trigger:after, .kt-accordion-id_e20963-94:not( .kt-accodion-icon-style-basic ):not( .kt-accodion-icon-style-xclose ):not( .kt-accodion-icon-style-arrow ) .kt-blocks-accordion-header:hover .kt-blocks-accordion-icon-trigger:before, .kt-accordion-id_e20963-94:not( .kt-accodion-icon-style-basic ):not( .kt-accodion-icon-style-xclose ):not( .kt-accodion-icon-style-arrow ) .kt-blocks-accordion-header:focus .kt-blocks-accordion-icon-trigger:after, .kt-accordion-id_e20963-94:not( .kt-accodion-icon-style-basic ):not( .kt-accodion-icon-style-xclose ):not( .kt-accodion-icon-style-arrow ) .kt-blocks-accordion-header:focus .kt-blocks-accordion-icon-trigger:before {background:#ffffff;}.kt-accordion-id_e20963-94 .kt-accordion-header-wrap .kt-blocks-accordion-header.kt-accordion-panel-active {color:#444444;background:#ffffff;border-color:#eeeeee #eeeeee #eeeeee #0e9cd1;}.kt-accordion-id_e20963-94:not( .kt-accodion-icon-style-basiccircle ):not( .kt-accodion-icon-style-xclosecircle ):not( .kt-accodion-icon-style-arrowcircle ) .kt-blocks-accordion-header.kt-accordion-panel-active .kt-blocks-accordion-icon-trigger:after, .kt-accordion-id_e20963-94:not( .kt-accodion-icon-style-basiccircle ):not( .kt-accodion-icon-style-xclosecircle ):not( .kt-accodion-icon-style-arrowcircle ) .kt-blocks-accordion-header.kt-accordion-panel-active .kt-blocks-accordion-icon-trigger:before {background:#444444;}.kt-accordion-id_e20963-94:not( .kt-accodion-icon-style-basic ):not( .kt-accodion-icon-style-xclose ):not( .kt-accodion-icon-style-arrow ) .kt-blocks-accordion-header.kt-accordion-panel-active .kt-blocks-accordion-icon-trigger {background:#444444;}.kt-accordion-id_e20963-94:not( .kt-accodion-icon-style-basic ):not( .kt-accodion-icon-style-xclose ):not( .kt-accodion-icon-style-arrow ) .kt-blocks-accordion-header.kt-accordion-panel-active .kt-blocks-accordion-icon-trigger:after, .kt-accordion-id_e20963-94:not( .kt-accodion-icon-style-basic ):not( .kt-accodion-icon-style-xclose ):not( .kt-accodion-icon-style-arrow ) .kt-blocks-accordion-header.kt-accordion-panel-active .kt-blocks-accordion-icon-trigger:before {background:#ffffff;}<\/style>\n<div class=\"wp-block-kadence-accordion alignnone\"><div class=\"kt-accordion-wrap kt-accordion-wrap kt-accordion-id_e20963-94 kt-accordion-has-4-panes kt-active-pane-0 kt-accordion-block kt-pane-header-alignment-left kt-accodion-icon-style-arrow kt-accodion-icon-side-right\" style=\"max-width:none\"><div class=\"kt-accordion-inner-wrap\" data-allow-multiple-open=\"false\" data-start-open=\"none\">\n<div class=\"wp-block-kadence-pane kt-accordion-pane kt-accordion-pane-1 kt-pane_1357fd-17\"><div class=\"kt-accordion-header-wrap\"><button class=\"kt-blocks-accordion-header kt-acccordion-button-label-show\"><span class=\"kt-blocks-accordion-title-wrap\"><span class=\"kt-blocks-accordion-title\"><strong>Courses and programs<\/strong><\/span><\/span><span class=\"kt-blocks-accordion-icon-trigger\"><\/span><\/button><\/div><div class=\"kt-accordion-panel\"><div class=\"kt-accordion-panel-inner\">\n<p>13 classes, totaling 334 participants, took part in the \u201cProvocation, inspiration and transformation\u201d and \u201cPersonal journey\u201d modules, which were adapted to a virtual format. This channel also included the <em>Potenciar <\/em>Program, which provides training to accelerate talent development within the holding company and portfolio companies. Completely remodeled to adapt to a virtual format, the program enabled the participation of 75 employees from seven companies in two meetings, which registered satisfaction rates of 89% (August) and 87% (October). The new virtual format was enhanced by new resources that were sent to all participants, including a snack package and photo stickers of the participants to be placed in the spaces marked with their names, companies where they work and contact information, as a way to foster connections. The traditional happy hour at the conclusion of the program was also held virtually.<\/p>\n<\/div><\/div><\/div>\n\n\n\n<div class=\"wp-block-kadence-pane kt-accordion-pane kt-accordion-pane-2 kt-pane_a4b4b8-43\"><div class=\"kt-accordion-header-wrap\"><button class=\"kt-blocks-accordion-header kt-acccordion-button-label-show\"><span class=\"kt-blocks-accordion-title-wrap\"><span class=\"kt-blocks-accordion-title\"><strong>Vototalks<\/strong><\/span><\/span><span class=\"kt-blocks-accordion-icon-trigger\"><\/span><\/button><\/div><div class=\"kt-accordion-panel\"><div class=\"kt-accordion-panel-inner\">\n<p>The activities of the Citizenship Program were reinforced on the online platform for content dissemination (<a href=\"https:\/\/votorantim2020.blendon.com.br\/en\/the-investment-holding-company\/social-investment\/\" data-type=\"URL\" data-id=\"https:\/\/votorantim2020.blendon.com.br\/en\/the-investment-holding-company\/social-investment\/\" target=\"_blank\" rel=\"noreferrer noopener\">learn more<\/a>) through a discussion on \u201cThe neuroscience of citizenship\u201d.<\/p>\n<\/div><\/div><\/div>\n\n\n\n<div class=\"wp-block-kadence-pane kt-accordion-pane kt-accordion-pane-3 kt-pane_22b649-5a\"><div class=\"kt-accordion-header-wrap\"><button class=\"kt-blocks-accordion-header kt-acccordion-button-label-show\"><span class=\"kt-blocks-accordion-title-wrap\"><span class=\"kt-blocks-accordion-title\"><strong>Webinars<\/strong><\/span><\/span><span class=\"kt-blocks-accordion-icon-trigger\"><\/span><\/button><\/div><div class=\"kt-accordion-panel\"><div class=\"kt-accordion-panel-inner\">\n<p>Created in 2020 to discuss various subjects and connect employees during the pandemic, the ten webinars held during the year brought together more than 3,000 people to discuss themes that included: \u201cDiscover your strengths\u201d, \u201cEmotional intelligence\u201d, \u201cExperiencing mindfulness and self-awareness\u201d, \u201cNon-violent communication\u201d and \u201cNetworking with different stakeholders in times of crisis\u201d.<\/p>\n<\/div><\/div><\/div>\n\n\n\n<div class=\"wp-block-kadence-pane kt-accordion-pane kt-accordion-pane-4 kt-pane_0f3c21-92\"><div class=\"kt-accordion-header-wrap\"><button class=\"kt-blocks-accordion-header kt-acccordion-button-label-show\"><span class=\"kt-blocks-accordion-title-wrap\"><span class=\"kt-blocks-accordion-title\"><strong>Career Festival<\/strong><\/span><\/span><span class=\"kt-blocks-accordion-icon-trigger\"><\/span><\/button><\/div><div class=\"kt-accordion-panel\"><div class=\"kt-accordion-panel-inner\">\n<p>As an activity of Votorantim Institute\u2019s <em>Desafio Volunt\u00e1rio<\/em> (Volunteer Challenge), the Academy supported the promotion of career information to internal and external audiences, through 16 live virtual events open to the general public. More than 2,200 people participated in these discussions on a variety of topics related to the selection, recruitment and development of people.<\/p>\n<\/div><\/div><\/div>\n<\/div><\/div><\/div>\n\n\n\n<div style=\"height:50px\" aria-hidden=\"true\" class=\"wp-block-spacer\"><\/div>\n\n\n\n<h3>Compensation and Benefits<\/h3>\n\n\n\n<p>In the face of the pandemic, Votorantim made a commitment to mitigate impacts that could further affect the lives of its employees and suppliers. In addition to continuing to follow all practices related to compensation and benefits, including market research to identify trends in wage policies, Votorantim expanded its range of initiatives as a result of the pandemic. With the adoption of remote working in March, the holding company made chairs and office equipment available to its employees, offered the option to exchange restaurant vouchers for food vouchers and provided online consultations with psychologists. In June, the company organized a process for gradual and optional return to the offices, following official health protocols that included wearing a mask, periodic testing and social distancing. At the end of the year, approximately 50% of employees had returned to the office following a flexible and hybrid schedule in terms of workdays and hours.<\/p>\n\n\n\n<p>The holding company also strived not to harm its supply chain and maintained all its contracts, including paying for the supply of fresh fruit for employees, although that service was not offered during the time when the office was closed, and massages for employees, which were replaced by virtual yoga classes. Telemedicine services also remained active 24 hours a day to answer questions or address the needs of employees.<\/p>\n\n\n\n<p><em>Semana+ Vida <\/em>(Health Week), held annually, was adapted and divided into two phases. The first phase included bringing flu vaccination forward to March. The vaccinations were extended to employee\u2019s dependents and were made available via a drive-thru system, following strict safety protocols. The second phase addressed quality of life awareness and was completely virtual. It focused on mental health and included live virtual events with psychologists, psychiatrists and even yachtsman Beto Pandiani, who shared his experience with living in isolation. The program also included meditation, nutrition and cooking sessions, with professionals in each of these areas providing tips to improve home and family life during the pandemic.<\/p>\n\n\n\n<p>Other activities traditionally carried out to celebrate important dates were adapted to ensure continuity. Examples included the delivery of Easter eggs to the homes of employees and a video, delivered along with a personalized book to the children of employees in celebration of Children\u2019s Day, showing their parents\u2019 workplace. Throughout the year, a team of employees from the Center of Excellence (CoE) promoted <em>Hora do Conto<\/em> (Story Time), virtual meetings with presentations for children, as another point of connection with families during the pandemic.<\/p>\n\n\n\n<p>Another accomplishment in the year was the launch of the new HR portal, which became more interactive and provided more autonomy to employees by integrating self-service, simplifying&nbsp; promotion processes and scheduling of vacations, for example.<\/p>\n\n\n\n<div style=\"height:25px\" aria-hidden=\"true\" class=\"wp-block-spacer\"><\/div>\n\n\n\n<div class=\"wp-container-1 wp-block-group box-magenta\"><div class=\"wp-block-group__inner-container\">\n<h5 class=\"has-white-color has-text-color\">Benefits<\/h5>\n\n\n\n<p class=\"has-text-color\" style=\"color:#0000be\"><p class=\"gri has-text-color\" style=\"color:#0000be !important\"><strong>402-1<\/strong>  <\/p><\/p>\n\n\n\n<div class=\"wp-block-columns\">\n<div class=\"wp-block-column\">\n<ul><li>Health and dental plans<\/li><li>Life insurance<\/li><li>Private pension through Funda\u00e7\u00e3o Senador Jos\u00e9 Erm\u00edrio de Moraes (FUNSEJEM)<\/li><li>Christmas food voucher<\/li><li>Medical care<\/li><\/ul>\n<\/div>\n\n\n\n<div class=\"wp-block-column\">\n<ul><li>Telemedicine<\/li><li>Executive health check-up<\/li><li>Pregnancy program<\/li><li>Lactation room<\/li><li>Flu vaccine<\/li><li>Fruits<\/li><\/ul>\n<\/div>\n\n\n\n<div class=\"wp-block-column\">\n<ul><li>Massage<\/li><li>Gym allowance<\/li><li>Agreements with <em>Servi\u00e7o Social do Com\u00e9rcio<\/em> (SESC) units<\/li><\/ul>\n<\/div>\n<\/div>\n<\/div><\/div>\n\n\n\n<p><\/p>\n<!-- AddThis Advanced Settings generic via filter on the_content --><!-- AddThis Share Buttons generic via filter on the_content -->","protected":false},"excerpt":{"rendered":"<p>103-1 | 103-2 | 103-3 Supported by three pillars: (i) Attractiveness, Engagement and Communication; (ii) People and Organization Development; and (iii) Compensation and Benefits\u2014the Human and Organizational Development (HR) area worked, in this atypical year, to accelerate the integration of human resources issues, and started to report directly to the CEO. Visit Votorantim\u2019s website Attractiveness, [&hellip;]<!-- AddThis Advanced Settings generic via filter on get_the_excerpt --><!-- AddThis Share Buttons generic via filter on get_the_excerpt --><\/p>\n","protected":false},"author":2,"featured_media":3184,"parent":3013,"menu_order":0,"comment_status":"closed","ping_status":"closed","template":"","meta":[],"acf":[],"_links":{"self":[{"href":"https:\/\/votorantim2020.blendon.com.br\/en\/wp-json\/wp\/v2\/pages\/3169"}],"collection":[{"href":"https:\/\/votorantim2020.blendon.com.br\/en\/wp-json\/wp\/v2\/pages"}],"about":[{"href":"https:\/\/votorantim2020.blendon.com.br\/en\/wp-json\/wp\/v2\/types\/page"}],"author":[{"embeddable":true,"href":"https:\/\/votorantim2020.blendon.com.br\/en\/wp-json\/wp\/v2\/users\/2"}],"replies":[{"embeddable":true,"href":"https:\/\/votorantim2020.blendon.com.br\/en\/wp-json\/wp\/v2\/comments?post=3169"}],"version-history":[{"count":51,"href":"https:\/\/votorantim2020.blendon.com.br\/en\/wp-json\/wp\/v2\/pages\/3169\/revisions"}],"predecessor-version":[{"id":5726,"href":"https:\/\/votorantim2020.blendon.com.br\/en\/wp-json\/wp\/v2\/pages\/3169\/revisions\/5726"}],"up":[{"embeddable":true,"href":"https:\/\/votorantim2020.blendon.com.br\/en\/wp-json\/wp\/v2\/pages\/3013"}],"wp:featuredmedia":[{"embeddable":true,"href":"https:\/\/votorantim2020.blendon.com.br\/en\/wp-json\/wp\/v2\/media\/3184"}],"wp:attachment":[{"href":"https:\/\/votorantim2020.blendon.com.br\/en\/wp-json\/wp\/v2\/media?parent=3169"}],"curies":[{"name":"wp","href":"https:\/\/api.w.org\/{rel}","templated":true}]}}