{"id":3058,"date":"2021-04-01T15:47:09","date_gmt":"2021-04-01T18:47:09","guid":{"rendered":"https:\/\/votorantim2020.blendon.com.br\/?page_id=3058"},"modified":"2021-04-06T23:00:45","modified_gmt":"2021-04-07T02:00:45","slug":"a-message-from-the-executive-board","status":"publish","type":"page","link":"https:\/\/votorantim2020.blendon.com.br\/en\/a-message-from-the-executive-board\/","title":{"rendered":"A Message From the Executive Board"},"content":{"rendered":"\n<p class=\"gri\"><span style=\"color:#0000be\" class=\"has-inline-color\">102-10 | 102-14<\/span><\/p>\n\n\n\n<p>In 2020, in the midst of a pandemic, an event that none of us had faced before, our commitment to <strong>the right way of doing business<\/strong> was reaffirmed. We worked collaboratively and with courage. In all portfolio companies, people\u2019s <strong>health and safety<\/strong> was prioritized, and <strong>business continuity<\/strong> was ensured. With extreme agility, all companies developed and implemented <strong>contingency plans<\/strong> to deal with the new challenges. Votorantim also ensured that its entire portfolio had <strong>liquidity<\/strong> to face a period of uncertainty, while also maintaining <strong>financial flexibility<\/strong> to continue investing in efficiency, modernization, innovation and growth. And business growth. And in facing the health crisis, we and the portfolio companies, in partnership with the Votorantim Institute, reinforced <strong>our social commitment<\/strong> through immediate and structuring initiatives to fight the effects of the pandemic in the different regions where we operate, demonstrating that collaboration remains strong in our <strong>DNA<\/strong>.<\/p>\n\n\n\n<p>This period represented a true test of the evolution of the <strong>governance and management model of Votorantim and its companies<\/strong>, which was established in 2014. The leadership of the companies and their Boards of Directors were agile and diligent in the management of each of our businesses, which were impacted in very different ways. They established Crisis Committees, got closer to the everyday operations and took impactful decisions throughout the year. And the results of this effort can be seen today, with <strong>operational and financial performance exceeding<\/strong> pre-pandemic expectations.<\/p>\n\n\n\n<p>All companies demonstrated very strong recovery throughout the year, both at the operational level and in terms of cash generation. These factors helped us maintain our <strong>investment grade<\/strong> rating by Standard &amp; Poor\u2019s and Fitch. At the holding company level, we prepaid our last outstanding debt, in line with our liability management strategy.<\/p>\n\n\n\n<p>Despite a scenario of new risks and uncertainties, we demonstrated that <strong>courage and entrepreneurship have also remained strong at Votorantim<\/strong>. With the trust of our Boards of Directors and our shareholders, we continued to advance our business and portfolio strategies. One example was a transaction announced by <strong>Votorantim Cimentos<\/strong> to combine its operations in North America with McInnis Cement by partnering with the Caisse de d\u00e9p\u00f4t et placement du Qu\u00e9bec (<strong>CDPQ<\/strong>). Also, the joint venture between <strong>Votorantim Energia and CPP Investments<\/strong> announced an investment of R$\u00a02\u00a0billion in the expansion of its wind farms, which will increase its generation capacity to 2.6 GW. We also expanded into new segments with the creation of <strong>Altre<\/strong>, our real estate investment platform, which was previously a business area within the holding company.<\/p>\n\n\n\n<p>We are consistently advancing the <strong>ESG<\/strong> agenda, which has always been part of our DNA through the adoption of pioneering practices since the foundation of Votorantim. Historical examples include our first Annual Report published in 1923, and the fact that, for ten years, we have based this report on the globally recognized Global Reporting Initiative (GRI) methodology, demonstrating transparency toward our stakeholders. The COVID-19 pandemic prompted changes and reflection across society, and ESG-related issues have also gained momentum. Although we have embraced this agenda throughout our history, we continuously seek to take on new commitments and influence our portfolio companies to adopt best practices to ensure the sustainability of their businesses. In 2020, we advanced on <strong>ESG from the perspective of the investment holding company<\/strong> by discussing with the Board of Directors the new environmental, social and governance needs in the current scenario and the incorporation of these decision factors into our investment processes. Among our initiatives during the year, we joined the CDP, the largest environmental database in the world, and the inclusion in this report of our contributions to the United Nations (UN) Sustainable Development Goals (SDGs).<\/p>\n\n\n\n<p>Another of our new initiatives in 2020 was the <strong>Citizenship Program<\/strong>, through which Votorantim and its portfolio companies sought to <strong>foster the strengthening of a democratic culture and encourage the active participation of citizens<\/strong> in public discussions, in such an important year of municipal elections in Brazil\u2014for which we developed a new version of <em>Guia do Voto <\/em>(Voting Guide). Our practices reiterate our conviction on the importance of our corporate citizenship role and the development of initiatives that contribute to the advancement of Brazil&#8217;s democratic culture.<\/p>\n\n\n\n<p>In parallel, during the year we revised our corporate <strong>Values<\/strong> in order to portray our DNA more objectively. As a result, our way of being and doing things is now translated into <strong>Integrity<\/strong>, <strong>Collaboration<\/strong> and <strong>Courage<\/strong>.<\/p>\n\n\n\n<p>As I reflect on 2020, I have a great sense of pride in Votorantim and all of our people. Our results go far beyond the numbers. And our collective capacity to overcome challenges is enormous. We have more than 100 years of history of going above and beyond, with very solid values\u2014something that each of us carries every day. Therefore, we remain confident and hope to celebrate great achievements alongside those who join our efforts &#8211; employees, business partners, suppliers, clients and shareholders\u2014and to whom we will always be grateful.<\/p>\n\n\n\n<div style=\"height:25px\" aria-hidden=\"true\" class=\"wp-block-spacer\"><\/div>\n\n\n\n<div class=\"wp-block-columns\">\n<div class=\"wp-block-column\">\n<p><strong><strong>Jo\u00e3o H. Schmidt<\/strong><br><\/strong>CEO, Votorantim\u00a0S.A.<\/p>\n<\/div>\n<\/div>\n\n\n\n<div class=\"wp-block-kadence-advancedgallery kb-gallery-wrap-id-_f3f57e-71\"><div class=\"kb-gallery-ul kb-gallery-type-fluidcarousel kb-gallery-id-_f3f57e-71 kb-gallery-caption-style-bottom-hover kb-gallery-filter-none\" data-image-filter=\"none\" data-lightbox-caption=\"true\"><div class=\"kt-blocks-carousel kt-carousel-container-dotstyle-none\"><div class=\"kt-blocks-carousel-init kb-blocks-fluid-carousel kt-carousel-arrowstyle-whiteondark kt-carousel-dotstyle-none kb-carousel-mode-align-left\" data-slider-anim-speed=\"600\" data-slider-type=\"fluidcarousel\" data-slider-scroll=\"1\" data-slider-arrows=\"true\" data-slider-dots=\"false\" data-slider-hover-pause=\"false\" data-slider-auto=\"true\" data-slider-speed=\"2500\" data-slider-center-mode=\"false\"><div class=\"kb-slide-item kb-gallery-carousel-item\"><div class=\"kadence-blocks-gallery-item\"><div class=\"kadence-blocks-gallery-item-inner\"><figure class=\"kb-gallery-figure kadence-blocks-gallery-item-hide-caption\"><div class=\"kb-gal-image-radius\"><div class=\"kb-gallery-image-contain\"><img loading=\"lazy\" src=\"https:\/\/votorantim2020.blendon.com.br\/wp-content\/uploads\/2021\/04\/joao-schmidt-en-1-239x300.png\" width=\"239\" height=\"300\" alt=\"\" data-full-image=\"https:\/\/votorantim2020.blendon.com.br\/wp-content\/uploads\/2021\/04\/joao-schmidt-en-1.png\" data-light-image=\"https:\/\/votorantim2020.blendon.com.br\/wp-content\/uploads\/2021\/04\/joao-schmidt-en-1.png\" data-id=\"4688\" data-link=\"https:\/\/votorantim2020.blendon.com.br\/en\/a-message-from-the-executive-board\/joao-schmidt-en-1\/\" class=\"wp-image-4688 skip-lazy\" srcset=\"https:\/\/votorantim2020.blendon.com.br\/wp-content\/uploads\/2021\/04\/joao-schmidt-en-1-239x300.png 239w, https:\/\/votorantim2020.blendon.com.br\/wp-content\/uploads\/2021\/04\/joao-schmidt-en-1.png 252w\" sizes=\"(max-width: 239px) 100vw, 239px\" \/><\/div><\/div><\/figure><\/div><\/div><\/div><div class=\"kb-slide-item kb-gallery-carousel-item\"><div class=\"kadence-blocks-gallery-item\"><div class=\"kadence-blocks-gallery-item-inner\"><figure class=\"kb-gallery-figure kadence-blocks-gallery-item-hide-caption\"><div class=\"kb-gal-image-radius\"><div class=\"kb-gallery-image-contain\"><img loading=\"lazy\" src=\"https:\/\/votorantim2020.blendon.com.br\/wp-content\/uploads\/2021\/04\/Glaisy-Domingues-en-2-239x300.png\" width=\"239\" height=\"300\" alt=\"\" data-full-image=\"https:\/\/votorantim2020.blendon.com.br\/wp-content\/uploads\/2021\/04\/Glaisy-Domingues-en-2.png\" data-light-image=\"https:\/\/votorantim2020.blendon.com.br\/wp-content\/uploads\/2021\/04\/Glaisy-Domingues-en-2.png\" data-id=\"4673\" data-link=\"https:\/\/votorantim2020.blendon.com.br\/en\/a-message-from-the-executive-board\/glaisy-domingues-en-2\/\" class=\"wp-image-4673 skip-lazy\" srcset=\"https:\/\/votorantim2020.blendon.com.br\/wp-content\/uploads\/2021\/04\/Glaisy-Domingues-en-2-239x300.png 239w, https:\/\/votorantim2020.blendon.com.br\/wp-content\/uploads\/2021\/04\/Glaisy-Domingues-en-2.png 252w\" sizes=\"(max-width: 239px) 100vw, 239px\" \/><\/div><\/div><\/figure><\/div><\/div><\/div><div class=\"kb-slide-item kb-gallery-carousel-item\"><div class=\"kadence-blocks-gallery-item\"><div class=\"kadence-blocks-gallery-item-inner\"><figure class=\"kb-gallery-figure kadence-blocks-gallery-item-hide-caption\"><div class=\"kb-gal-image-radius\"><div class=\"kb-gallery-image-contain\"><img loading=\"lazy\" src=\"https:\/\/votorantim2020.blendon.com.br\/wp-content\/uploads\/2021\/04\/Luiz-Caruso-en-1-239x300.png\" width=\"239\" height=\"300\" alt=\"\" data-full-image=\"https:\/\/votorantim2020.blendon.com.br\/wp-content\/uploads\/2021\/04\/Luiz-Caruso-en-1.png\" data-light-image=\"https:\/\/votorantim2020.blendon.com.br\/wp-content\/uploads\/2021\/04\/Luiz-Caruso-en-1.png\" data-id=\"4682\" data-link=\"https:\/\/votorantim2020.blendon.com.br\/en\/a-message-from-the-executive-board\/luiz-caruso-en-1\/\" class=\"wp-image-4682 skip-lazy\" srcset=\"https:\/\/votorantim2020.blendon.com.br\/wp-content\/uploads\/2021\/04\/Luiz-Caruso-en-1-239x300.png 239w, https:\/\/votorantim2020.blendon.com.br\/wp-content\/uploads\/2021\/04\/Luiz-Caruso-en-1.png 252w\" sizes=\"(max-width: 239px) 100vw, 239px\" \/><\/div><\/div><\/figure><\/div><\/div><\/div><div class=\"kb-slide-item kb-gallery-carousel-item\"><div class=\"kadence-blocks-gallery-item\"><div class=\"kadence-blocks-gallery-item-inner\"><figure class=\"kb-gallery-figure kadence-blocks-gallery-item-hide-caption\"><div class=\"kb-gal-image-radius\"><div class=\"kb-gallery-image-contain\"><img loading=\"lazy\" src=\"https:\/\/votorantim2020.blendon.com.br\/wp-content\/uploads\/2021\/04\/Marcio-Yamachira-en-1-239x300.png\" width=\"239\" height=\"300\" alt=\"\" data-full-image=\"https:\/\/votorantim2020.blendon.com.br\/wp-content\/uploads\/2021\/04\/Marcio-Yamachira-en-1.png\" data-light-image=\"https:\/\/votorantim2020.blendon.com.br\/wp-content\/uploads\/2021\/04\/Marcio-Yamachira-en-1.png\" data-id=\"4691\" data-link=\"https:\/\/votorantim2020.blendon.com.br\/en\/a-message-from-the-executive-board\/marcio-yamachira-en-1\/\" class=\"wp-image-4691 skip-lazy\" srcset=\"https:\/\/votorantim2020.blendon.com.br\/wp-content\/uploads\/2021\/04\/Marcio-Yamachira-en-1-239x300.png 239w, https:\/\/votorantim2020.blendon.com.br\/wp-content\/uploads\/2021\/04\/Marcio-Yamachira-en-1.png 252w\" sizes=\"(max-width: 239px) 100vw, 239px\" \/><\/div><\/div><\/figure><\/div><\/div><\/div><div class=\"kb-slide-item kb-gallery-carousel-item\"><div class=\"kadence-blocks-gallery-item\"><div class=\"kadence-blocks-gallery-item-inner\"><figure class=\"kb-gallery-figure kadence-blocks-gallery-item-hide-caption\"><div class=\"kb-gal-image-radius\"><div class=\"kb-gallery-image-contain\"><img loading=\"lazy\" src=\"https:\/\/votorantim2020.blendon.com.br\/wp-content\/uploads\/2021\/04\/Mateus-Gomes-Ferreira-en-239x300.png\" width=\"239\" height=\"300\" alt=\"\" data-full-image=\"https:\/\/votorantim2020.blendon.com.br\/wp-content\/uploads\/2021\/04\/Mateus-Gomes-Ferreira-en.png\" data-light-image=\"https:\/\/votorantim2020.blendon.com.br\/wp-content\/uploads\/2021\/04\/Mateus-Gomes-Ferreira-en.png\" data-id=\"4695\" data-link=\"https:\/\/votorantim2020.blendon.com.br\/en\/a-message-from-the-executive-board\/mateus-gomes-ferreira-en\/\" class=\"wp-image-4695 skip-lazy\" srcset=\"https:\/\/votorantim2020.blendon.com.br\/wp-content\/uploads\/2021\/04\/Mateus-Gomes-Ferreira-en-239x300.png 239w, https:\/\/votorantim2020.blendon.com.br\/wp-content\/uploads\/2021\/04\/Mateus-Gomes-Ferreira-en.png 252w\" sizes=\"(max-width: 239px) 100vw, 239px\" \/><\/div><\/div><\/figure><\/div><\/div><\/div><div class=\"kb-slide-item kb-gallery-carousel-item\"><div class=\"kadence-blocks-gallery-item\"><div class=\"kadence-blocks-gallery-item-inner\"><figure class=\"kb-gallery-figure kadence-blocks-gallery-item-hide-caption\"><div class=\"kb-gal-image-radius\"><div class=\"kb-gallery-image-contain\"><img loading=\"lazy\" src=\"https:\/\/votorantim2020.blendon.com.br\/wp-content\/uploads\/2021\/04\/Sergio-Malacrida-en-239x300.png\" width=\"239\" height=\"300\" alt=\"\" data-full-image=\"https:\/\/votorantim2020.blendon.com.br\/wp-content\/uploads\/2021\/04\/Sergio-Malacrida-en.png\" data-light-image=\"https:\/\/votorantim2020.blendon.com.br\/wp-content\/uploads\/2021\/04\/Sergio-Malacrida-en.png\" data-id=\"4684\" data-link=\"https:\/\/votorantim2020.blendon.com.br\/en\/a-message-from-the-executive-board\/sergio-malacrida-en\/\" class=\"wp-image-4684 skip-lazy\" srcset=\"https:\/\/votorantim2020.blendon.com.br\/wp-content\/uploads\/2021\/04\/Sergio-Malacrida-en-239x300.png 239w, https:\/\/votorantim2020.blendon.com.br\/wp-content\/uploads\/2021\/04\/Sergio-Malacrida-en.png 252w\" sizes=\"(max-width: 239px) 100vw, 239px\" \/><\/div><\/div><\/figure><\/div><\/div><\/div><\/div><\/div><\/div><\/div>\n\n\n\n<p><\/p>\n<!-- AddThis Advanced Settings generic via filter on the_content --><!-- AddThis Share Buttons generic via filter on the_content -->","protected":false},"excerpt":{"rendered":"<p>102-10 | 102-14 In 2020, in the midst of a pandemic, an event that none of us had faced before, our commitment to the right way of doing business was reaffirmed. We worked collaboratively and with courage. In all portfolio companies, people\u2019s health and safety was prioritized, and business continuity was ensured. With extreme agility, [&hellip;]<!-- AddThis Advanced Settings generic via filter on get_the_excerpt --><!-- AddThis Share Buttons generic via filter on get_the_excerpt --><\/p>\n","protected":false},"author":2,"featured_media":3020,"parent":0,"menu_order":0,"comment_status":"closed","ping_status":"closed","template":"","meta":[],"acf":[],"_links":{"self":[{"href":"https:\/\/votorantim2020.blendon.com.br\/en\/wp-json\/wp\/v2\/pages\/3058"}],"collection":[{"href":"https:\/\/votorantim2020.blendon.com.br\/en\/wp-json\/wp\/v2\/pages"}],"about":[{"href":"https:\/\/votorantim2020.blendon.com.br\/en\/wp-json\/wp\/v2\/types\/page"}],"author":[{"embeddable":true,"href":"https:\/\/votorantim2020.blendon.com.br\/en\/wp-json\/wp\/v2\/users\/2"}],"replies":[{"embeddable":true,"href":"https:\/\/votorantim2020.blendon.com.br\/en\/wp-json\/wp\/v2\/comments?post=3058"}],"version-history":[{"count":15,"href":"https:\/\/votorantim2020.blendon.com.br\/en\/wp-json\/wp\/v2\/pages\/3058\/revisions"}],"predecessor-version":[{"id":4856,"href":"https:\/\/votorantim2020.blendon.com.br\/en\/wp-json\/wp\/v2\/pages\/3058\/revisions\/4856"}],"wp:featuredmedia":[{"embeddable":true,"href":"https:\/\/votorantim2020.blendon.com.br\/en\/wp-json\/wp\/v2\/media\/3020"}],"wp:attachment":[{"href":"https:\/\/votorantim2020.blendon.com.br\/en\/wp-json\/wp\/v2\/media?parent=3058"}],"curies":[{"name":"wp","href":"https:\/\/api.w.org\/{rel}","templated":true}]}}